{"id":9199,"date":"2015-10-20T09:08:03","date_gmt":"2015-10-20T08:08:03","guid":{"rendered":"https:\/\/www.valcrit.com\/main-home\/"},"modified":"2020-06-19T19:40:27","modified_gmt":"2020-06-19T22:40:27","slug":"main-home","status":"publish","type":"page","link":"https:\/\/www.valcrit.com\/pt-br\/","title":{"rendered":"Main Home"},"content":{"rendered":"<section class=\"wpb-content-wrapper\"><p>[vc_row row_type=&#8221;parallax&#8221; content_width=&#8221;grid&#8221; anchor=&#8221;Main_proposal_features&#8221; content_aligment=&#8221;center&#8221; full_screen_section_height=&#8221;no&#8221; css=&#8221;.vc_custom_1591574147581{padding-top: 86px !important;padding-bottom: 46px !important;background-color: #ffffff !important;}&#8221; el_class=&#8221;custom-color-row&#8221;][vc_column width=&#8221;1\/2&#8243; offset=&#8221;vc_col-lg-3 vc_col-md-6&#8243;]    <span class=\"qodef-icon-animation-holder\" >\n\n    <span class=\"qodef-icon-shortcode normal qodef-icon-animation\" style=\"width: 72px;height: 72px;line-height: 72px\" data-color=\"#b2dd4c\">\n        \n        <i class=\"qodef-icon-font-awesome fa fa-codepen qodef-icon-element\" style=\"color: #b2dd4c;font-size:72px\" ><\/i>\n            <\/span>\n\n    <\/span>\n[vc_empty_space height=&#8221;30px&#8221;][vc_column_text]<\/p>\n<h5>Consultoria abrangente TI<\/h5>\n<p>[\/vc_column_text][vc_empty_space height=&#8221;44px&#8221;][vc_column_text]Consultoria integral de tecnologias da informa\u00e7\u00e3o (TI) que melhor ajusta-se a seu neg\u00f3cio simplificando a complexidade da ado\u00e7\u00e3o.[\/vc_column_text][vc_empty_space height=&#8221;50px&#8221;][\/vc_column][vc_column width=&#8221;1\/2&#8243; offset=&#8221;vc_col-lg-3 vc_col-md-6&#8243;]    <span class=\"qodef-icon-animation-holder\" style=\"transition-delay: 200ms;-webkit-transition-delay: 200ms;-moz-transition-delay: 200ms;-ms-transition-delay: 200ms\">\n\n    <span class=\"qodef-icon-shortcode normal qodef-icon-animation\" style=\"width: 72px;height: 72px;line-height: 72px\" data-animation-delay=\"200\" data-color=\"#b2dd4c\">\n        \n        <i class=\"qodef-icon-font-awesome fa fa-diamond qodef-icon-element\" style=\"color: #b2dd4c;font-size:72px\" ><\/i>\n            <\/span>\n\n    <\/span>\n[vc_empty_space height=&#8221;30px&#8221;][vc_column_text]<\/p>\n<h5>Proposta de Valor Distintiva<\/h5>\n<p>[\/vc_column_text][vc_empty_space height=&#8221;44px&#8221;][vc_column_text]Utiliza\u00e7\u00e3o combinada das tecnologias de informa\u00e7\u00e3o (TI) de tal maneira que contribui efetivamente para a gera\u00e7\u00e3o de uma proposta de valor distintiva para o neg\u00f3cio.[\/vc_column_text][vc_empty_space height=&#8221;50px&#8221;][\/vc_column][vc_column width=&#8221;1\/2&#8243; offset=&#8221;vc_col-lg-3 vc_col-md-6&#8243;]    <span class=\"qodef-icon-animation-holder\" style=\"transition-delay: 400ms;-webkit-transition-delay: 400ms;-moz-transition-delay: 400ms;-ms-transition-delay: 400ms\">\n\n    <span class=\"qodef-icon-shortcode normal qodef-icon-animation\" style=\"width: 72px;height: 72px;line-height: 72px\" data-animation-delay=\"400\" data-color=\"#b2dd4c\">\n        \n        <i class=\"qodef-icon-font-awesome fa fa-pencil-square-o qodef-icon-element\" style=\"color: #b2dd4c;font-size:72px\" ><\/i>\n            <\/span>\n\n    <\/span>\n[vc_empty_space height=&#8221;30px&#8221;][vc_column_text]<\/p>\n<h5>Customiza\u00e7\u00e3o<\/h5>\n<p>[\/vc_column_text][vc_empty_space height=&#8221;44px&#8221;][vc_column_text]Desenho e implementa\u00e7\u00e3o de uma solu\u00e7\u00e3o tecnol\u00f3gica adaptada especificamente \u00e0s necessidades de seu neg\u00f3cio aplicando as melhores pr\u00e1ticas[\/vc_column_text][vc_empty_space height=&#8221;50px&#8221;][\/vc_column][vc_column width=&#8221;1\/2&#8243; offset=&#8221;vc_col-lg-3 vc_col-md-6&#8243;]    <span class=\"qodef-icon-animation-holder\" style=\"transition-delay: 600ms;-webkit-transition-delay: 600ms;-moz-transition-delay: 600ms;-ms-transition-delay: 600ms\">\n\n    <span class=\"qodef-icon-shortcode normal qodef-icon-animation\" style=\"width: 72px;height: 72px;line-height: 72px\" data-animation-delay=\"600\" data-color=\"#b2dd4c\">\n        \n        <i class=\"qodef-icon-font-awesome fa fa-rocket qodef-icon-element\" style=\"color: #b2dd4c;font-size:72px\" ><\/i>\n            <\/span>\n\n    <\/span>\n[vc_empty_space height=&#8221;30px&#8221;][vc_column_text]<\/p>\n<h5>Vantagem competitiva sustent\u00e1vel<\/h5>\n<p>[\/vc_column_text][vc_empty_space height=&#8221;19px&#8221;][vc_column_text]Estender as pr\u00f3prias capacidades do neg\u00f3cio de maneira \u00fanica tal que voc\u00ea possa obter uma vantagem competitiva sustent\u00e1vel ao longo do tempo[\/vc_column_text][vc_empty_space height=&#8221;50px&#8221;][\/vc_column][\/vc_row][vc_row][vc_column]<div id=\"qodef-particles\" class=\"auto\" style=\"background-color: #f8f8f8;\" data-particles-density=\"high\" data-particles-color=\"#c1c1c1\" data-particles-opacity=\"1\" data-particles-size=\"3\" data-speed=\"2\" data-show-lines=\"yes\" data-line-length=\"100\" ><div id=\"qodef-p-particles-container\"><\/div><div class=\"qodef-p-content\"><div class=\"qodef-elements-holder qodef-two-columns qodef-responsive-mode-1024 qodef-one-column-alignment-left\" ><div class=\"qodef-elements-holder-item qodef-vertical-alignment-top qodef-horizontal-alignment-left\" >\n\t<div class=\"qodef-elements-holder-item-inner\">\n\t\t<div class=\"qodef-elements-holder-item-content qodef-elements-holder-custom-634773\" style=\"padding: 90px 0px 50px 0px\">\n\t\t\t\t\t\t<style type=\"text\/css\" data-type=\"qodef-elements-custom-padding\">\n\t\t\t\t\t\t\t\t@media only screen and (min-width: 1280px) and (max-width: 1600px) {\n\t\t\t\t\t.qodef-elements-holder .qodef-elements-holder-item-content.qodef-elements-holder-custom-634773 {\n\t\t\t\t\t\tpadding:  !important;\n\t\t\t\t\t}\n\t\t\t\t}\n\t\t\t\t\t\t\t\t\t\t\t\t\t@media only screen and (min-width: 1024px) and (max-width: 1280px) {\n\t\t\t\t\t\t.qodef-elements-holder .qodef-elements-holder-item-content.qodef-elements-holder-custom-634773 {\n\t\t\t\t\t\t\tpadding:  !important;\n\t\t\t\t\t\t}\n\t\t\t\t\t}\n\t\t\t\t\t\t\t\t\t\t\t\t@media only screen and (min-width: 768px) and (max-width: 1024px) {\n\t\t\t\t\t.qodef-elements-holder .qodef-elements-holder-item-content.qodef-elements-holder-custom-634773 {\n\t\t\t\t\t\tpadding:  !important;\n\t\t\t\t\t}\n\t\t\t\t}\n\t\t\t\t\t\t\t\t\t\t\t\t@media only screen and (min-width: 600px) and (max-width: 768px) {\n\t\t\t\t\t.qodef-elements-holder .qodef-elements-holder-item-content.qodef-elements-holder-custom-634773 {\n\t\t\t\t\t\tpadding:  !important;\n\t\t\t\t\t}\n\t\t\t\t}\n\t\t\t\t\t\t\t\t\t\t\t\t@media only screen and (min-width: 480px) and (max-width: 600px) {\n\t\t\t\t\t.qodef-elements-holder .qodef-elements-holder-item-content.qodef-elements-holder-custom-634773 {\n\t\t\t\t\t\tpadding:  !important;\n\t\t\t\t\t}\n\t\t\t\t}\n\t\t\t\t\t\t\t\t\t\t\t\t@media only screen and (max-width: 480px) {\n\t\t\t\t\t.qodef-elements-holder .qodef-elements-holder-item-content.qodef-elements-holder-custom-634773 {\n\t\t\t\t\t\tpadding: 90px 0px 50px 0px !important;\n\t\t\t\t\t}\n\t\t\t\t}\n\t\t\t\t\t\t\t\t<\/style>\n\t\t\t\t\t\t[vc_column_text]<\/p>\n<h2>Criando valor atrav\u00e9s das TIs<\/h2>\n<p>[\/vc_column_text][vc_empty_space height=&#8221;20px&#8221;][vc_column_text]<\/p>\n<h4>Mais de 20 anos de experi\u00eancia no campo das tecnologias da informa\u00e7\u00e3o e uma s\u00f3lida forma\u00e7\u00e3o acad\u00eamica, contribuindo para a cria\u00e7\u00e3o de uma vantagem competitiva sustent\u00e1vel ao longo do tempo em empresas nacionais e multinacionais.<\/h4>\n<p>[\/vc_column_text][vc_empty_space height=&#8221;43px&#8221;]\t\t<\/div>\n\t<\/div>\n<\/div><div class=\"qodef-elements-holder-item qodef-vertical-alignment-middle qodef-horizontal-alignment-right\" >\n\t<div class=\"qodef-elements-holder-item-inner\">\n\t\t<div class=\"qodef-elements-holder-item-content qodef-elements-holder-custom-850001\" style=\"padding: 48px 0px 0px 0px\">\n\t\t\t\t\t\t[vc_single_image image=&#8221;8862&#8243; img_size=&#8221;full&#8221; alignment=&#8221;right&#8221; onclick=&#8221;custom_link&#8221; css_animation=&#8221;bottom-to-top&#8221; link=&#8221;https:\/\/www.valcrit.com\/wp-content\/uploads\/2019\/08\/Valcrit-Development.jpg&#8221;]\t\t<\/div>\n\t<\/div>\n<\/div><\/div><\/div><\/div>[vc_empty_space height=&#8221;76px&#8221;][\/vc_column][\/vc_row][vc_row content_width=&#8221;grid&#8221;][vc_column offset=&#8221;vc_col-lg-6 vc_col-md-12&#8243;][vc_empty_space height=&#8221;18px&#8221;][vc_column_text css=&#8221;.vc_custom_1592606047493{padding-right: 6% !important;}&#8221;]<\/p>\n<h2>O Time<\/h2>\n<p>[\/vc_column_text][vc_empty_space height=&#8221;18px&#8221;][vc_column_text]<\/p>\n<h4>Contamos com uma vasta rede de profissionais independentes e empresas de tecnologia desenvolvidas ao longo de todos esses anos<\/h4>\n<p>[\/vc_column_text][vc_empty_space height=&#8221;29px&#8221;][vc_row_inner][vc_column_inner width=&#8221;1\/3&#8243;]<div class=\"qodef-icon-list-item\">\n\t<div class=\"qodef-icon-list-icon-holder\">\n        <div class=\"qodef-icon-list-icon-holder-inner clearfix\">\n\t\t\t<i class=\"qodef-icon-font-awesome fa fa-check-circle \" style=\"color:#b2dd4c;font-size:14px\" ><\/i>\t\t<\/div>\n\t<\/div>\n\t<p class=\"qodef-icon-list-text\"  > Experi\u00eancia<\/p>\n<\/div><div class=\"qodef-icon-list-item\">\n\t<div class=\"qodef-icon-list-icon-holder\">\n        <div class=\"qodef-icon-list-icon-holder-inner clearfix\">\n\t\t\t<i class=\"qodef-icon-font-awesome fa fa-check-circle \" style=\"color:#b2dd4c;font-size:14px\" ><\/i>\t\t<\/div>\n\t<\/div>\n\t<p class=\"qodef-icon-list-text\"  > Versatilidade<\/p>\n<\/div><div class=\"qodef-icon-list-item\">\n\t<div class=\"qodef-icon-list-icon-holder\">\n        <div class=\"qodef-icon-list-icon-holder-inner clearfix\">\n\t\t\t<i class=\"qodef-icon-font-awesome fa fa-check-circle \" style=\"color:#b2dd4c;font-size:14px\" ><\/i>\t\t<\/div>\n\t<\/div>\n\t<p class=\"qodef-icon-list-text\"  > Acess\u00edvel<\/p>\n<\/div>[\/vc_column_inner][vc_column_inner width=&#8221;1\/3&#8243;]<div class=\"qodef-icon-list-item\">\n\t<div class=\"qodef-icon-list-icon-holder\">\n        <div class=\"qodef-icon-list-icon-holder-inner clearfix\">\n\t\t\t<i class=\"qodef-icon-font-awesome fa fa-check-circle \" style=\"color:#b2dd4c;font-size:14px\" ><\/i>\t\t<\/div>\n\t<\/div>\n\t<p class=\"qodef-icon-list-text\"  > Compet\u00eancia<\/p>\n<\/div><div class=\"qodef-icon-list-item\">\n\t<div class=\"qodef-icon-list-icon-holder\">\n        <div class=\"qodef-icon-list-icon-holder-inner clearfix\">\n\t\t\t<i class=\"qodef-icon-font-awesome fa fa-check-circle \" style=\"color:#b2dd4c;font-size:14px\" ><\/i>\t\t<\/div>\n\t<\/div>\n\t<p class=\"qodef-icon-list-text\"  > Comprometimento<\/p>\n<\/div><div class=\"qodef-icon-list-item\">\n\t<div class=\"qodef-icon-list-icon-holder\">\n        <div class=\"qodef-icon-list-icon-holder-inner clearfix\">\n\t\t\t<i class=\"qodef-icon-font-awesome fa fa-check-circle \" style=\"color:#b2dd4c;font-size:14px\" ><\/i>\t\t<\/div>\n\t<\/div>\n\t<p class=\"qodef-icon-list-text\"  > Profissionalismo<\/p>\n<\/div>[\/vc_column_inner][vc_column_inner width=&#8221;1\/3&#8243;][\/vc_column_inner][\/vc_row_inner][vc_empty_space height=&#8221;18px&#8221;]<a href=\"https:\/\/www.valcrit.com\/pt-br\/aboutus\/\" target=\"_self\"  class=\"qodef-btn qodef-btn-medium qodef-btn-default qodef-va-fix qodef-btn-hover-animation\"  >\n            <div class=\"qodef-animation-overlay-holder\">\n            <span    class=\"qodef-animation-overlay\"><\/span>\n        <\/div>\n        <span class=\"qodef-btn-text\">Saiba Mais<\/span>\n    <span class=\"qodef-btn-text-icon\"><\/span>\n<\/a>[vc_empty_space height=&#8221;50px&#8221;][\/vc_column][vc_column offset=&#8221;vc_col-lg-6 vc_col-md-12&#8243;][vc_single_image image=&#8221;8865&#8243; img_size=&#8221;full&#8221; onclick=&#8221;custom_link&#8221; link=&#8221;https:\/\/www.valcrit.com\/wp-content\/uploads\/2019\/08\/Valcrit-Team.jpg&#8221;][\/vc_column][\/vc_row][vc_row content_width=&#8221;grid&#8221; content_aligment=&#8221;center&#8221; css=&#8221;.vc_custom_1462539692373{padding-top: 91px !important;padding-bottom: 76px !important;background-color: #f8f8f8 !important;background-position: center !important;background-repeat: no-repeat !important;background-size: cover !important;}&#8221;][vc_column]<div  class=\"qodef-process-holder columns-4\"><div class=\"qodef-process-holder-inner\"><div class=\"qodef-process-item\">\n    <div class=\"qodef-process-item-icon-holder-wrapper\">\n        <div class=\"qodef-process-item-icon-holder\">\n            <span class=\"qodef-process-item-background-holder\">\n                \n    <span class=\"qodef-icon-shortcode circle \"  >\n        \n        <i class=\"qodef-icon-font-awesome fa fa-search qodef-icon-element\" style=\"\" ><\/i>\n            <\/span>\n\n            <\/span>\n        <\/div>\n    <\/div>\n    <div class=\"qodef-process-item-content-holder\">\n        <div class=\"qodef-process-item-title-holder\">\n            <h5>An\u00e1lises<\/h5>\n        <\/div>\n        <div class=\"qodef-process-item-text-holder\">\n            <p>Compreens\u00e3o acabada dos processos de neg\u00f3cios, seus desafios, oportunidades, fraquezas e objetivos.<\/p>\n        <\/div>\n    <\/div>\n<\/div><div class=\"qodef-process-item\">\n    <div class=\"qodef-process-item-icon-holder-wrapper\">\n        <div class=\"qodef-process-item-icon-holder\">\n            <span class=\"qodef-process-item-background-holder\">\n                \n    <span class=\"qodef-icon-shortcode circle \"  >\n        \n        <i class=\"qodef-icon-dripicons dripicon dripicons-pencil qodef-icon-element\" style=\"\" ><\/i>\n            <\/span>\n\n            <\/span>\n        <\/div>\n    <\/div>\n    <div class=\"qodef-process-item-content-holder\">\n        <div class=\"qodef-process-item-title-holder\">\n            <h5>Desenho<\/h5>\n        <\/div>\n        <div class=\"qodef-process-item-text-holder\">\n            <p>Desenho da solu\u00e7\u00e3o tecnol\u00f3gica com impacto positivo demonstr\u00e1vel nos estados financeiros da empresa.<\/p>\n        <\/div>\n    <\/div>\n<\/div><div class=\"qodef-process-item\">\n    <div class=\"qodef-process-item-icon-holder-wrapper\">\n        <div class=\"qodef-process-item-icon-holder\">\n            <span class=\"qodef-process-item-background-holder\">\n                \n    <span class=\"qodef-icon-shortcode circle \"  >\n        \n        <i class=\"qodef-icon-font-awesome fa fa-chain qodef-icon-element\" style=\"\" ><\/i>\n            <\/span>\n\n            <\/span>\n        <\/div>\n    <\/div>\n    <div class=\"qodef-process-item-content-holder\">\n        <div class=\"qodef-process-item-title-holder\">\n            <h5>Implementa\u00e7\u00e3o e Controle<\/h5>\n        <\/div>\n        <div class=\"qodef-process-item-text-holder\">\n            <p>An\u00e1lise dos benef\u00edcios gerados da implementa\u00e7\u00e3o baseado em data analytics em contraste com os resultados esperados.<\/p>\n        <\/div>\n    <\/div>\n<\/div><div class=\"qodef-process-item\">\n    <div class=\"qodef-process-item-icon-holder-wrapper\">\n        <div class=\"qodef-process-item-icon-holder\">\n            <span class=\"qodef-process-item-background-holder\">\n                \n    <span class=\"qodef-icon-shortcode circle \"  >\n        \n        <i class=\"qodef-icon-simple-line-icon icon-graph qodef-icon-element\" style=\"\" ><\/i>\n            <\/span>\n\n            <\/span>\n        <\/div>\n    <\/div>\n    <div class=\"qodef-process-item-content-holder\">\n        <div class=\"qodef-process-item-title-holder\">\n            <h5>Melhoria cont\u00ednua<\/h5>\n        <\/div>\n        <div class=\"qodef-process-item-text-holder\">\n            <p>Pesquisa constante das oportunidades de melhoria que permitem que sua empresa continue ampliando suas capacidades \u00fanicas para manter uma vantagem competitiva ao longo do tempo.<\/p>\n        <\/div>\n    <\/div>\n<\/div><\/div><\/div>[\/vc_column][\/vc_row][vc_row row_type=&#8221;parallax&#8221; content_width=&#8221;grid&#8221; content_aligment=&#8221;center&#8221; full_screen_section_height=&#8221;no&#8221; parallax_background_image=&#8221;8799&#8243; css=&#8221;.vc_custom_1591568656106{padding-top: 157px !important;padding-bottom: 155px !important;}&#8221;][vc_column]\n<div class=\"qodef-custom-font-holder\" style=\"font-family: Raleway;font-size: 52px;line-height: 60px;font-weight: 700;letter-spacing: 0px;text-align: center;color: #ffffff\" data-font-size= 52 data-line-height= 60>\n\tAn\u00e1lises baseados em dados<\/div>[vc_empty_space height=&#8221;26px&#8221;][vc_empty_space height=&#8221;36px&#8221;][\/vc_column][\/vc_row][vc_row][vc_column][vc_empty_space][\/vc_column][\/vc_row]<\/p>\n<\/section>","protected":false},"excerpt":{"rendered":"<p>[vc_row row_type=&#8221;parallax&#8221; content_width=&#8221;grid&#8221; anchor=&#8221;Main_proposal_features&#8221; content_aligment=&#8221;center&#8221; full_screen_section_height=&#8221;no&#8221; css=&#8221;.vc_custom_1591574147581{padding-top: 86px !important;padding-bottom: 46px !important;background-color: #ffffff !important;}&#8221; el_class=&#8221;custom-color-row&#8221;][vc_column width=&#8221;1\/2&#8243; offset=&#8221;vc_col-lg-3 vc_col-md-6&#8243;][vc_empty_space height=&#8221;30px&#8221;][vc_column_text] Consultoria abrangente TI&#8230;<\/p>\n","protected":false},"author":2,"featured_media":0,"parent":0,"menu_order":0,"comment_status":"closed","ping_status":"closed","template":"full-width.php","meta":{"footnotes":""},"class_list":["post-9199","page","type-page","status-publish","hentry"],"_links":{"self":[{"href":"https:\/\/www.valcrit.com\/pt-br\/wp-json\/wp\/v2\/pages\/9199","targetHints":{"allow":["GET"]}}],"collection":[{"href":"https:\/\/www.valcrit.com\/pt-br\/wp-json\/wp\/v2\/pages"}],"about":[{"href":"https:\/\/www.valcrit.com\/pt-br\/wp-json\/wp\/v2\/types\/page"}],"author":[{"embeddable":true,"href":"https:\/\/www.valcrit.com\/pt-br\/wp-json\/wp\/v2\/users\/2"}],"replies":[{"embeddable":true,"href":"https:\/\/www.valcrit.com\/pt-br\/wp-json\/wp\/v2\/comments?post=9199"}],"version-history":[{"count":3,"href":"https:\/\/www.valcrit.com\/pt-br\/wp-json\/wp\/v2\/pages\/9199\/revisions"}],"predecessor-version":[{"id":9201,"href":"https:\/\/www.valcrit.com\/pt-br\/wp-json\/wp\/v2\/pages\/9199\/revisions\/9201"}],"wp:attachment":[{"href":"https:\/\/www.valcrit.com\/pt-br\/wp-json\/wp\/v2\/media?parent=9199"}],"curies":[{"name":"wp","href":"https:\/\/api.w.org\/{rel}","templated":true}]}}