{"id":8654,"date":"2019-09-27T14:56:21","date_gmt":"2019-09-27T17:56:21","guid":{"rendered":"https:\/\/valcrit.com\/securitymgmt\/"},"modified":"2020-04-11T18:59:50","modified_gmt":"2020-04-11T21:59:50","slug":"securitymgmt","status":"publish","type":"page","link":"https:\/\/www.valcrit.com\/pt-br\/securitymgmt\/","title":{"rendered":"Seguran\u00e7a"},"content":{"rendered":"<section class=\"wpb-content-wrapper\"><p>[vc_row content_width=&#8221;grid&#8221; content_aligment=&#8221;center&#8221; css=&#8221;.vc_custom_1446483260563{padding-top: 65px !important;padding-bottom: 70px !important;}&#8221;][vc_column offset=&#8221;vc_col-lg-offset-2 vc_col-lg-8&#8243;][vc_column_text]<\/p>\n<h2>Quando preservar valor tamb\u00e9m importa<\/h2>\n<p>[\/vc_column_text][vc_empty_space height=&#8221;16px&#8221;][vc_column_text]<\/p>\n<p style=\"background: white; vertical-align: baseline;\">A principal fun\u00e7\u00e3o da seguran\u00e7a da informa\u00e7\u00e3o \u00e9 preservar o valor gerado na empresa. Existem v\u00e1rias amea\u00e7as e riscos que amea\u00e7am os recursos, processos e pessoas de uma organiza\u00e7\u00e3o, bem como as informa\u00e7\u00f5es que seus pr\u00f3prios clientes lhes confiam. Colocamos \u00e0 sua disposi\u00e7\u00e3o a experi\u00eancia e uma s\u00e9rie de melhores pr\u00e1ticas que provaram ser de grande ajuda na cria\u00e7\u00e3o de um ambiente de trabalho o mais seguro e robusto poss\u00edvel, dentro das diretrizes razoavelmente adequadas \u00e0s suas necessidades.<\/p>\n<p>[\/vc_column_text][\/vc_column][\/vc_row][vc_row content_width=&#8221;grid&#8221; css=&#8221;.vc_custom_1569269113599{padding-bottom: 68px !important;}&#8221;][vc_column width=&#8221;1\/2&#8243; offset=&#8221;vc_col-lg-3 vc_col-md-6&#8243;]<div class=\"qodef-iwt clearfix qodef-iwt-icon-top qodef-iwt-icon-tiny\">\n    <div class=\"qodef-iwt-icon-holder\">\n                    <img loading=\"lazy\" decoding=\"async\" width=\"157\" height=\"199\" src=\"https:\/\/www.valcrit.com\/wp-content\/uploads\/2019\/09\/Policies.png\" class=\"attachment-full size-full\" alt=\"\" \/>            <\/div>\n    <div class=\"qodef-iwt-content-holder\" >\n                    <div class=\"qodef-iwt-title-holder\">\n                <h5 >Pol\u00edticas de Seguran\u00e7a<\/h5>\n            <\/div>\n                <div class=\"qodef-iwt-text-holder\">\n            <p >O primeiro passo para um ambiente seguro \u00e9 definir apropriadamente as diretrizes para todos os esfor\u00e7os que a organiza\u00e7\u00e3o realiza em seguran\u00e7a, que devem estar alinhados com o plano estrat\u00e9gico de neg\u00f3cios.<\/p>\n\n                    <\/div>\n    <\/div>\n<\/div>[vc_empty_space height=&#8221;30px&#8221;][\/vc_column][vc_column width=&#8221;1\/2&#8243; offset=&#8221;vc_col-lg-3 vc_col-md-6&#8243;]<div class=\"qodef-iwt clearfix qodef-iwt-icon-top qodef-iwt-icon-tiny\">\n    <div class=\"qodef-iwt-icon-holder\">\n                    <img loading=\"lazy\" decoding=\"async\" width=\"156\" height=\"205\" src=\"https:\/\/www.valcrit.com\/wp-content\/uploads\/2019\/09\/Threats2.png\" class=\"attachment-full size-full\" alt=\"\" \/>            <\/div>\n    <div class=\"qodef-iwt-content-holder\" >\n                    <div class=\"qodef-iwt-title-holder\">\n                <h5 >Modelo de amea\u00e7as<\/h5>\n            <\/div>\n                <div class=\"qodef-iwt-text-holder\">\n            <p >Se trata da identifica\u00e7\u00e3o e an\u00e1lise das principais amea\u00e7as \u00e0 seguran\u00e7a da empresa.<\/p>\n\n                    <\/div>\n    <\/div>\n<\/div>[vc_empty_space height=&#8221;30px&#8221;][\/vc_column][vc_column width=&#8221;1\/2&#8243; offset=&#8221;vc_col-lg-3 vc_col-md-6&#8243;]<div class=\"qodef-iwt clearfix qodef-iwt-icon-top qodef-iwt-icon-medium\">\n    <div class=\"qodef-iwt-icon-holder\">\n                    <img loading=\"lazy\" decoding=\"async\" width=\"156\" height=\"205\" src=\"https:\/\/www.valcrit.com\/wp-content\/uploads\/2019\/09\/Security-Icons.png\" class=\"attachment-full size-full\" alt=\"\" \/>            <\/div>\n    <div class=\"qodef-iwt-content-holder\" >\n                    <div class=\"qodef-iwt-title-holder\">\n                <h5 >Gerenciamento de Riscos<\/h5>\n            <\/div>\n                <div class=\"qodef-iwt-text-holder\">\n            <p >Processo detalhado de identifica\u00e7\u00e3o de riscos que podem prejudicar a organiza\u00e7\u00e3o para encontrar solu\u00e7\u00f5es para erradicar e reduzi-lo.<\/p>\n\n                    <\/div>\n    <\/div>\n<\/div>[vc_empty_space height=&#8221;30px&#8221;][\/vc_column][vc_column width=&#8221;1\/12&#8243; offset=&#8221;vc_col-lg-3 vc_col-md-6&#8243;]<div class=\"qodef-iwt clearfix qodef-iwt-icon-top qodef-iwt-icon-tiny\">\n    <div class=\"qodef-iwt-icon-holder\">\n                    <img loading=\"lazy\" decoding=\"async\" width=\"141\" height=\"204\" src=\"https:\/\/www.valcrit.com\/wp-content\/uploads\/2019\/09\/Lock.png\" class=\"attachment-full size-full\" alt=\"\" \/>            <\/div>\n    <div class=\"qodef-iwt-content-holder\" >\n                    <div class=\"qodef-iwt-title-holder\">\n                <h5 >An\u00e1lise de vulnerabilidades<\/h5>\n            <\/div>\n                <div class=\"qodef-iwt-text-holder\">\n            <p >Conduzir uma s\u00e9rie de testes para analisar qu\u00e3o robustos s\u00e3o os mecanismos de controle de seguran\u00e7a instrumentados.<\/p>\n\n                    <\/div>\n    <\/div>\n<\/div>[\/vc_column][\/vc_row][vc_row content_width=&#8221;grid&#8221; css=&#8221;.vc_custom_1569269122257{padding-bottom: 68px !important;}&#8221;][vc_column width=&#8221;1\/2&#8243; offset=&#8221;vc_col-lg-3 vc_col-md-6&#8243;]<div class=\"qodef-iwt clearfix qodef-iwt-icon-top qodef-iwt-icon-tiny\">\n    <div class=\"qodef-iwt-icon-holder\">\n                    <img loading=\"lazy\" decoding=\"async\" width=\"125\" height=\"192\" src=\"https:\/\/www.valcrit.com\/wp-content\/uploads\/2019\/09\/Assets_Protection.png\" class=\"attachment-full size-full\" alt=\"\" \/>            <\/div>\n    <div class=\"qodef-iwt-content-holder\" >\n                    <div class=\"qodef-iwt-title-holder\">\n                <h5 >Prote\u00e7\u00e3o de ativos<\/h5>\n            <\/div>\n                <div class=\"qodef-iwt-text-holder\">\n            <p >Medidas de prote\u00e7\u00e3o f\u00edsica e l\u00f3gica para os ativos da empresa, como infraestrutura, dados, privacidade, identidades etc.<\/p>\n\n                    <\/div>\n    <\/div>\n<\/div>[vc_empty_space height=&#8221;30px&#8221;][\/vc_column][vc_column width=&#8221;1\/2&#8243; offset=&#8221;vc_col-lg-3 vc_col-md-6&#8243;]<div class=\"qodef-iwt clearfix qodef-iwt-icon-top qodef-iwt-icon-tiny\">\n    <div class=\"qodef-iwt-icon-holder\">\n                    <img loading=\"lazy\" decoding=\"async\" width=\"182\" height=\"183\" src=\"https:\/\/www.valcrit.com\/wp-content\/uploads\/2019\/09\/Survillance_System.png\" class=\"attachment-full size-full\" alt=\"\" srcset=\"https:\/\/www.valcrit.com\/wp-content\/uploads\/2019\/09\/Survillance_System.png 182w, https:\/\/www.valcrit.com\/wp-content\/uploads\/2019\/09\/Survillance_System-150x150.png 150w, https:\/\/www.valcrit.com\/wp-content\/uploads\/2019\/09\/Survillance_System-100x100.png 100w\" sizes=\"auto, (max-width: 182px) 100vw, 182px\" \/>            <\/div>\n    <div class=\"qodef-iwt-content-holder\" >\n                    <div class=\"qodef-iwt-title-holder\">\n                <h5 >Gerenciamento de intrus\u00e3o<\/h5>\n            <\/div>\n                <div class=\"qodef-iwt-text-holder\">\n            <p >Medidas preventivas e monitoramento dos controles de seguran\u00e7a para determinar sua efic\u00e1cia, preparando a organiza\u00e7\u00e3o para que ela possa atuar de maneira adequada, minimizando o impacto.<\/p>\n\n                    <\/div>\n    <\/div>\n<\/div>[vc_empty_space height=&#8221;30px&#8221;][\/vc_column][vc_column width=&#8221;1\/2&#8243; offset=&#8221;vc_col-lg-3 vc_col-md-6&#8243;]<div class=\"qodef-iwt clearfix qodef-iwt-icon-top qodef-iwt-icon-tiny\">\n    <div class=\"qodef-iwt-icon-holder\">\n                    <img loading=\"lazy\" decoding=\"async\" width=\"141\" height=\"190\" src=\"https:\/\/www.valcrit.com\/wp-content\/uploads\/2019\/09\/DRP.png\" class=\"attachment-full size-full\" alt=\"\" \/>            <\/div>\n    <div class=\"qodef-iwt-content-holder\" >\n                    <div class=\"qodef-iwt-title-holder\">\n                <h5 >Plano de continuidade (DRP)<\/h5>\n            <\/div>\n                <div class=\"qodef-iwt-text-holder\">\n            <p >Prepara\u00e7\u00e3o de um plano capaz de permitir que a organiza\u00e7\u00e3o continue operando no caso de um incidente grave ou no caso de um evento significativo.<\/p>\n\n                    <\/div>\n    <\/div>\n<\/div>[vc_empty_space height=&#8221;30px&#8221;][\/vc_column][vc_column width=&#8221;1\/12&#8243; offset=&#8221;vc_col-lg-3 vc_col-md-6&#8243;][vc_empty_space height=&#8221;68px&#8221;]<a href=\"https:\/\/www.valcrit.com\/pt-br\/governance\/\" target=\"_self\"  class=\"qodef-btn qodef-btn-medium qodef-btn-default qodef-va-fix qodef-btn-hover-animation\"  >\n            <div class=\"qodef-animation-overlay-holder\">\n            <span    class=\"qodef-animation-overlay\"><\/span>\n        <\/div>\n        <span class=\"qodef-btn-text\">Saiba Mais<\/span>\n    <span class=\"qodef-btn-text-icon\"><\/span>\n<\/a>[vc_empty_space height=&#8221;30px&#8221;][\/vc_column][\/vc_row]<\/p>\n<\/section>","protected":false},"excerpt":{"rendered":"<p>[vc_row content_width=&#8221;grid&#8221; content_aligment=&#8221;center&#8221; css=&#8221;.vc_custom_1446483260563{padding-top: 65px !important;padding-bottom: 70px !important;}&#8221;][vc_column offset=&#8221;vc_col-lg-offset-2 vc_col-lg-8&#8243;][vc_column_text] Quando preservar valor tamb\u00e9m importa [\/vc_column_text][vc_empty_space height=&#8221;16px&#8221;][vc_column_text] A principal fun\u00e7\u00e3o da&#8230;<\/p>\n","protected":false},"author":2,"featured_media":0,"parent":0,"menu_order":0,"comment_status":"closed","ping_status":"closed","template":"full-width.php","meta":{"footnotes":""},"class_list":["post-8654","page","type-page","status-publish","hentry"],"_links":{"self":[{"href":"https:\/\/www.valcrit.com\/pt-br\/wp-json\/wp\/v2\/pages\/8654","targetHints":{"allow":["GET"]}}],"collection":[{"href":"https:\/\/www.valcrit.com\/pt-br\/wp-json\/wp\/v2\/pages"}],"about":[{"href":"https:\/\/www.valcrit.com\/pt-br\/wp-json\/wp\/v2\/types\/page"}],"author":[{"embeddable":true,"href":"https:\/\/www.valcrit.com\/pt-br\/wp-json\/wp\/v2\/users\/2"}],"replies":[{"embeddable":true,"href":"https:\/\/www.valcrit.com\/pt-br\/wp-json\/wp\/v2\/comments?post=8654"}],"version-history":[{"count":6,"href":"https:\/\/www.valcrit.com\/pt-br\/wp-json\/wp\/v2\/pages\/8654\/revisions"}],"predecessor-version":[{"id":9091,"href":"https:\/\/www.valcrit.com\/pt-br\/wp-json\/wp\/v2\/pages\/8654\/revisions\/9091"}],"wp:attachment":[{"href":"https:\/\/www.valcrit.com\/pt-br\/wp-json\/wp\/v2\/media?parent=8654"}],"curies":[{"name":"wp","href":"https:\/\/api.w.org\/{rel}","templated":true}]}}