{"id":8646,"date":"2019-08-11T12:58:16","date_gmt":"2019-08-11T15:58:16","guid":{"rendered":"https:\/\/valcrit.com\/solutions-infrastructure\/euc\/"},"modified":"2020-04-11T18:54:27","modified_gmt":"2020-04-11T21:54:27","slug":"euc","status":"publish","type":"page","link":"https:\/\/www.valcrit.com\/pt-br\/solutions-infrastructure\/euc\/","title":{"rendered":"Computa\u00e7\u00e3o de usu\u00e1rio final"},"content":{"rendered":"<section class=\"wpb-content-wrapper\"><p>[vc_row content_width=&#8221;grid&#8221; content_aligment=&#8221;center&#8221; css=&#8221;.vc_custom_1565359981672{padding-top: 65px !important;padding-bottom: 20px !important;}&#8221;][vc_column offset=&#8221;vc_col-lg-offset-2 vc_col-lg-8&#8243;][vc_column_text]<\/p>\n<h2>Cat\u00e1logo de Servi\u00e7os<\/h2>\n<p>[\/vc_column_text][vc_empty_space height=&#8221;16px&#8221;][vc_column_text]Esta se\u00e7\u00e3o descreve os servi\u00e7os mais relevantes associados \u00e0 aquisi\u00e7\u00e3o, administra\u00e7\u00e3o e controle de dispositivos do usu\u00e1rio final em um ambiente corporativo ou comercial.[\/vc_column_text][\/vc_column][\/vc_row][vc_row content_width=&#8221;grid&#8221; css=&#8221;.vc_custom_1565359930332{padding-top: 35px !important;padding-bottom: 35px !important;}&#8221;][vc_column]<div class=\"qodef-tabs qodef-horizontal qodef-tab-text clearfix\">\n\t<ul class=\"qodef-tabs-nav\">\n\t\t\t\t\t<li>\n\t\t\t\t<a href=\"#tab-dispositivos-do-usuario-final\">\n\t\t\t\t\tDispositivos do usu\u00e1rio final\t\t\t\t<\/a>\n\t\t\t<\/li>\n\t\t\t\t\t<li>\n\t\t\t\t<a href=\"#tab-gerenciamento-de-dispositivos\">\n\t\t\t\t\tGerenciamento de dispositivos\t\t\t\t<\/a>\n\t\t\t<\/li>\n\t\t\t\t\t<li>\n\t\t\t\t<a href=\"#tab-atributos-nao-funcionais\">\n\t\t\t\t\tAtributos n\u00e3o Funcionais\t\t\t\t<\/a>\n\t\t\t<\/li>\n\t\t\t<\/ul>\n\t<div  class=\"qodef-tab-container\" id=\"tab-dispositivos-do-usuario-final\" data-icon-pack=\"font_awesome\" data-icon-html=\"&lt;i class=&quot;qodef-icon-font-awesome fa  &quot; &gt;&lt;\/i&gt;\">\n    [vc_column_text]Recomenda\u00e7\u00e3o, assist\u00eancia durante a fase de aquisi\u00e7\u00e3o e configura\u00e7\u00e3o de equipamentos de neg\u00f3cios do usu\u00e1rio final, como computadores desktops, laptops, desktops virtuais (VDI, Thin Clients etc.), dispositivos m\u00f3veis e impressoras, entre outros.[\/vc_column_text]<\/div>\t\n\n<div  class=\"qodef-tab-container\" id=\"tab-gerenciamento-de-dispositivos\" data-icon-pack=\"font_awesome\" data-icon-html=\"&lt;i class=&quot;qodef-icon-font-awesome fa  &quot; &gt;&lt;\/i&gt;\">\n    [vc_column_text]Defini\u00e7\u00e3o e implementa\u00e7\u00e3o de pol\u00edticas para o uso de equipamentos de usu\u00e1rio final, incluindo o conceito (BYOD &#8211; Traga seu pr\u00f3prio dispositivo).[\/vc_column_text]<\/div>\t\n\n<div  class=\"qodef-tab-container\" id=\"tab-atributos-nao-funcionais\" data-icon-pack=\"font_awesome\" data-icon-html=\"&lt;i class=&quot;qodef-icon-font-awesome fa  &quot; &gt;&lt;\/i&gt;\">\n    [vc_column_text]Considera\u00e7\u00e3o dos seguintes aspectos relevantes associados as equipes de usu\u00e1rios finais:<\/p>\n<ul>\n<li>Confiabilidade: defini\u00e7\u00e3o e implementa\u00e7\u00e3o de mecanismos de prote\u00e7\u00e3o e controle de dados, entre outras atividades.<\/li>\n<li>Seguran\u00e7a: defini\u00e7\u00e3o de pol\u00edticas e instrumenta\u00e7\u00e3o de mecanismos de prote\u00e7\u00e3o f\u00edsica e amea\u00e7as, criptografia, controle de acesso e classifica\u00e7\u00e3o de informa\u00e7\u00f5es, entre outros.<\/li>\n<\/ul>\n<p>[\/vc_column_text]<\/div>\t\n\n<\/div>\n\n[\/vc_column][\/vc_row]<\/p>\n<\/section>","protected":false},"excerpt":{"rendered":"<p>[vc_row content_width=&#8221;grid&#8221; content_aligment=&#8221;center&#8221; css=&#8221;.vc_custom_1565359981672{padding-top: 65px !important;padding-bottom: 20px !important;}&#8221;][vc_column offset=&#8221;vc_col-lg-offset-2 vc_col-lg-8&#8243;][vc_column_text] Cat\u00e1logo de Servi\u00e7os [\/vc_column_text][vc_empty_space height=&#8221;16px&#8221;][vc_column_text]Esta se\u00e7\u00e3o descreve os servi\u00e7os mais relevantes&#8230;<\/p>\n","protected":false},"author":2,"featured_media":0,"parent":8594,"menu_order":0,"comment_status":"closed","ping_status":"closed","template":"full-width.php","meta":{"footnotes":""},"class_list":["post-8646","page","type-page","status-publish","hentry"],"_links":{"self":[{"href":"https:\/\/www.valcrit.com\/pt-br\/wp-json\/wp\/v2\/pages\/8646","targetHints":{"allow":["GET"]}}],"collection":[{"href":"https:\/\/www.valcrit.com\/pt-br\/wp-json\/wp\/v2\/pages"}],"about":[{"href":"https:\/\/www.valcrit.com\/pt-br\/wp-json\/wp\/v2\/types\/page"}],"author":[{"embeddable":true,"href":"https:\/\/www.valcrit.com\/pt-br\/wp-json\/wp\/v2\/users\/2"}],"replies":[{"embeddable":true,"href":"https:\/\/www.valcrit.com\/pt-br\/wp-json\/wp\/v2\/comments?post=8646"}],"version-history":[{"count":4,"href":"https:\/\/www.valcrit.com\/pt-br\/wp-json\/wp\/v2\/pages\/8646\/revisions"}],"predecessor-version":[{"id":9090,"href":"https:\/\/www.valcrit.com\/pt-br\/wp-json\/wp\/v2\/pages\/8646\/revisions\/9090"}],"up":[{"embeddable":true,"href":"https:\/\/www.valcrit.com\/pt-br\/wp-json\/wp\/v2\/pages\/8594"}],"wp:attachment":[{"href":"https:\/\/www.valcrit.com\/pt-br\/wp-json\/wp\/v2\/media?parent=8646"}],"curies":[{"name":"wp","href":"https:\/\/api.w.org\/{rel}","templated":true}]}}