{"id":8640,"date":"2019-08-11T16:34:46","date_gmt":"2019-08-11T19:34:46","guid":{"rendered":"https:\/\/valcrit.com\/solutions-infrastructure\/datacenters\/"},"modified":"2020-04-11T18:48:43","modified_gmt":"2020-04-11T21:48:43","slug":"datacenters","status":"publish","type":"page","link":"https:\/\/www.valcrit.com\/pt-br\/solutions-infrastructure\/datacenters\/","title":{"rendered":"Centros de Dados"},"content":{"rendered":"<section class=\"wpb-content-wrapper\"><p>[vc_row content_width=&#8221;grid&#8221; content_aligment=&#8221;center&#8221; css=&#8221;.vc_custom_1565359981672{padding-top: 65px !important;padding-bottom: 20px !important;}&#8221;][vc_column offset=&#8221;vc_col-lg-offset-2 vc_col-lg-8&#8243;][vc_column_text]<\/p>\n<h2>Cat\u00e1logo de Servi\u00e7os<\/h2>\n<p>[\/vc_column_text][vc_empty_space height=&#8221;16px&#8221;][vc_column_text]Esta se\u00e7\u00e3o descreve os servi\u00e7os pendentes em rela\u00e7\u00e3o ao desenho e gerenciamento de salas de servidores.[\/vc_column_text][\/vc_column][\/vc_row][vc_row content_width=&#8221;grid&#8221; css=&#8221;.vc_custom_1565359930332{padding-top: 35px !important;padding-bottom: 35px !important;}&#8221;][vc_column]<div class=\"qodef-tabs qodef-horizontal qodef-tab-text clearfix\">\n\t<ul class=\"qodef-tabs-nav\">\n\t\t\t\t\t<li>\n\t\t\t\t<a href=\"#tab-infraestrutura-fisica\">\n\t\t\t\t\tInfraestrutura F\u00edsica\t\t\t\t<\/a>\n\t\t\t<\/li>\n\t\t\t\t\t<li>\n\t\t\t\t<a href=\"#tab-atributos-nao-funcionais\">\n\t\t\t\t\tAtributos n\u00e3o Funcionais\t\t\t\t<\/a>\n\t\t\t<\/li>\n\t\t\t<\/ul>\n\t<div  class=\"qodef-tab-container\" id=\"tab-infraestrutura-fisica\" data-icon-pack=\"font_awesome\" data-icon-html=\"&lt;i class=&quot;qodef-icon-font-awesome fa  &quot; &gt;&lt;\/i&gt;\">\n    [vc_column_text]Conselhos sobre os principais elementos a serem considerados ao considerar a instala\u00e7\u00e3o de uma sala de servidores, como desenho, sistemas de preven\u00e7\u00e3o e combate a inc\u00eandio, ups, refrigera\u00e7\u00e3o, racks, cabeamento estruturado, etc.[\/vc_column_text]<\/div>\t\n\n<div  class=\"qodef-tab-container\" id=\"tab-atributos-nao-funcionais\" data-icon-pack=\"font_awesome\" data-icon-html=\"&lt;i class=&quot;qodef-icon-font-awesome fa  &quot; &gt;&lt;\/i&gt;\">\n    [vc_column_text]Aspectos fundamentais a serem considerados durante o desenho e o gerenciamento de uma sala de servidores s\u00e3o avaliados de acordo com as melhores pr\u00e1ticas:<\/p>\n<ul>\n<li>Disponibilidade: Desenho de salas de servidores que atendem a certos objetivos de contratos de servi\u00e7o (SLAs).<\/li>\n<li>Desempenho: aspectos como conectividade \u00e0 Internet e escalabilidade de local s\u00e3o analisados.<\/li>\n<li>Seguran\u00e7a: Gerenciamento de controle de acesso, vigil\u00e2ncia, monitoramento, etc.<\/li>\n<\/ul>\n<p>[\/vc_column_text]<\/div>\t\n\n<\/div>\n\n[\/vc_column][\/vc_row]<\/p>\n<\/section>","protected":false},"excerpt":{"rendered":"<p>[vc_row content_width=&#8221;grid&#8221; content_aligment=&#8221;center&#8221; css=&#8221;.vc_custom_1565359981672{padding-top: 65px !important;padding-bottom: 20px !important;}&#8221;][vc_column offset=&#8221;vc_col-lg-offset-2 vc_col-lg-8&#8243;][vc_column_text] Cat\u00e1logo de Servi\u00e7os [\/vc_column_text][vc_empty_space height=&#8221;16px&#8221;][vc_column_text]Esta se\u00e7\u00e3o descreve os servi\u00e7os pendentes em&#8230;<\/p>\n","protected":false},"author":2,"featured_media":0,"parent":8594,"menu_order":0,"comment_status":"closed","ping_status":"closed","template":"full-width.php","meta":{"footnotes":""},"class_list":["post-8640","page","type-page","status-publish","hentry"],"_links":{"self":[{"href":"https:\/\/www.valcrit.com\/pt-br\/wp-json\/wp\/v2\/pages\/8640","targetHints":{"allow":["GET"]}}],"collection":[{"href":"https:\/\/www.valcrit.com\/pt-br\/wp-json\/wp\/v2\/pages"}],"about":[{"href":"https:\/\/www.valcrit.com\/pt-br\/wp-json\/wp\/v2\/types\/page"}],"author":[{"embeddable":true,"href":"https:\/\/www.valcrit.com\/pt-br\/wp-json\/wp\/v2\/users\/2"}],"replies":[{"embeddable":true,"href":"https:\/\/www.valcrit.com\/pt-br\/wp-json\/wp\/v2\/comments?post=8640"}],"version-history":[{"count":4,"href":"https:\/\/www.valcrit.com\/pt-br\/wp-json\/wp\/v2\/pages\/8640\/revisions"}],"predecessor-version":[{"id":9089,"href":"https:\/\/www.valcrit.com\/pt-br\/wp-json\/wp\/v2\/pages\/8640\/revisions\/9089"}],"up":[{"embeddable":true,"href":"https:\/\/www.valcrit.com\/pt-br\/wp-json\/wp\/v2\/pages\/8594"}],"wp:attachment":[{"href":"https:\/\/www.valcrit.com\/pt-br\/wp-json\/wp\/v2\/media?parent=8640"}],"curies":[{"name":"wp","href":"https:\/\/api.w.org\/{rel}","templated":true}]}}