{"id":8634,"date":"2019-08-09T15:52:07","date_gmt":"2019-08-09T18:52:07","guid":{"rendered":"https:\/\/valcrit.com\/solutions-infrastructure\/networks\/"},"modified":"2020-04-11T18:45:27","modified_gmt":"2020-04-11T21:45:27","slug":"networks","status":"publish","type":"page","link":"https:\/\/www.valcrit.com\/pt-br\/solutions-infrastructure\/networks\/","title":{"rendered":"Redes"},"content":{"rendered":"<section class=\"wpb-content-wrapper\"><p>[vc_row content_width=&#8221;grid&#8221; content_aligment=&#8221;center&#8221; css=&#8221;.vc_custom_1565359981672{padding-top: 65px !important;padding-bottom: 20px !important;}&#8221;][vc_column offset=&#8221;vc_col-lg-offset-2 vc_col-lg-8&#8243;][vc_column_text]<\/p>\n<h2>Cat\u00e1logo de Servi\u00e7os<\/h2>\n<p>[\/vc_column_text][vc_empty_space height=&#8221;16px&#8221;][vc_column_text]Esta se\u00e7\u00e3o descreve os servi\u00e7os mais relevantes associados \u00e0s redes de dados e seus respectivos protocolos de comunica\u00e7\u00e3o.[\/vc_column_text][\/vc_column][\/vc_row][vc_row content_width=&#8221;grid&#8221; css=&#8221;.vc_custom_1565359930332{padding-top: 35px !important;padding-bottom: 35px !important;}&#8221;][vc_column]<div class=\"qodef-tabs qodef-horizontal qodef-tab-text clearfix\">\n\t<ul class=\"qodef-tabs-nav\">\n\t\t\t\t\t<li>\n\t\t\t\t<a href=\"#tab-desenho\">\n\t\t\t\t\tDesenho\t\t\t\t<\/a>\n\t\t\t<\/li>\n\t\t\t\t\t<li>\n\t\t\t\t<a href=\"#tab-seguranca\">\n\t\t\t\t\tSeguran\u00e7a\t\t\t\t<\/a>\n\t\t\t<\/li>\n\t\t\t\t\t<li>\n\t\t\t\t<a href=\"#tab-atributos-nao-funcionais\">\n\t\t\t\t\tAtributos n\u00e3o Funcionais\t\t\t\t<\/a>\n\t\t\t<\/li>\n\t\t\t<\/ul>\n\t<div  class=\"qodef-tab-container\" id=\"tab-desenho\" data-icon-pack=\"font_awesome\" data-icon-html=\"&lt;i class=&quot;qodef-icon-font-awesome fa  &quot; &gt;&lt;\/i&gt;\">\n    [vc_column_text]An\u00e1lise e desenho da infraestrutura de rede seguindo as melhores pr\u00e1ticas. Inclui:<\/p>\n<ul>\n<li>Camada f\u00edsica: cabeamento estruturado.<\/li>\n<li>Camada de enlace de dados: LAN, WAN, Frame Relay, Wifi, etc. Ele tamb\u00e9m engloba seus respectivos dispositivos, como comutadores e pontos de acesso, entre outros. Tamb\u00e9m inclui gerenciamento de VLans.<\/li>\n<li>Camada de rede: protocolos de redes IP e MPLS,\u00a0 com seus dispositivos f\u00edsicos correspondentes, como roteadores.<\/li>\n<li>Camada da sess\u00e3o: conex\u00f5es VPN, protocolos de seguran\u00e7a, etc.<\/li>\n<li>Camada de apresenta\u00e7\u00e3o: inclui gerenciamento de certificados.<\/li>\n<li>Camada de aplica\u00e7\u00e3o: abrange servi\u00e7os de rede, como autentica\u00e7\u00e3o e autoriza\u00e7\u00e3o, entre outros.<\/li>\n<\/ul>\n<p>[\/vc_column_text]<\/div>\t\n\n<div  class=\"qodef-tab-container\" id=\"tab-seguranca\" data-icon-pack=\"font_awesome\" data-icon-html=\"&lt;i class=&quot;qodef-icon-font-awesome fa  &quot; &gt;&lt;\/i&gt;\">\n    [vc_column_text]An\u00e1lise, desenho e configura\u00e7\u00e3o de FireWalls, DMZs, controle de acesso, etc. Algumas das solu\u00e7\u00f5es de mercado s\u00e3o: Fortinet Fortigate \u2122, iptables, etc.[\/vc_column_text]<\/div>\t\n\n<div  class=\"qodef-tab-container\" id=\"tab-atributos-nao-funcionais\" data-icon-pack=\"font_awesome\" data-icon-html=\"&lt;i class=&quot;qodef-icon-font-awesome fa  &quot; &gt;&lt;\/i&gt;\">\n    [vc_column_text]Aspectos relacionados \u00e0 alta disponibilidade de redes de dados, desempenho e qualidade de servi\u00e7o s\u00e3o avaliados.[\/vc_column_text]<\/div>\t\n\n<\/div>\n\n[\/vc_column][\/vc_row]<\/p>\n<\/section>","protected":false},"excerpt":{"rendered":"<p>[vc_row content_width=&#8221;grid&#8221; content_aligment=&#8221;center&#8221; css=&#8221;.vc_custom_1565359981672{padding-top: 65px !important;padding-bottom: 20px !important;}&#8221;][vc_column offset=&#8221;vc_col-lg-offset-2 vc_col-lg-8&#8243;][vc_column_text] Cat\u00e1logo de Servi\u00e7os [\/vc_column_text][vc_empty_space height=&#8221;16px&#8221;][vc_column_text]Esta se\u00e7\u00e3o descreve os servi\u00e7os mais relevantes&#8230;<\/p>\n","protected":false},"author":2,"featured_media":0,"parent":8594,"menu_order":0,"comment_status":"closed","ping_status":"closed","template":"full-width.php","meta":{"footnotes":""},"class_list":["post-8634","page","type-page","status-publish","hentry"],"_links":{"self":[{"href":"https:\/\/www.valcrit.com\/pt-br\/wp-json\/wp\/v2\/pages\/8634","targetHints":{"allow":["GET"]}}],"collection":[{"href":"https:\/\/www.valcrit.com\/pt-br\/wp-json\/wp\/v2\/pages"}],"about":[{"href":"https:\/\/www.valcrit.com\/pt-br\/wp-json\/wp\/v2\/types\/page"}],"author":[{"embeddable":true,"href":"https:\/\/www.valcrit.com\/pt-br\/wp-json\/wp\/v2\/users\/2"}],"replies":[{"embeddable":true,"href":"https:\/\/www.valcrit.com\/pt-br\/wp-json\/wp\/v2\/comments?post=8634"}],"version-history":[{"count":4,"href":"https:\/\/www.valcrit.com\/pt-br\/wp-json\/wp\/v2\/pages\/8634\/revisions"}],"predecessor-version":[{"id":9088,"href":"https:\/\/www.valcrit.com\/pt-br\/wp-json\/wp\/v2\/pages\/8634\/revisions\/9088"}],"up":[{"embeddable":true,"href":"https:\/\/www.valcrit.com\/pt-br\/wp-json\/wp\/v2\/pages\/8594"}],"wp:attachment":[{"href":"https:\/\/www.valcrit.com\/pt-br\/wp-json\/wp\/v2\/media?parent=8634"}],"curies":[{"name":"wp","href":"https:\/\/api.w.org\/{rel}","templated":true}]}}