{"id":8622,"date":"2019-08-09T16:12:35","date_gmt":"2019-08-09T19:12:35","guid":{"rendered":"https:\/\/valcrit.com\/solutions-infrastructure\/storage\/"},"modified":"2020-03-29T17:53:17","modified_gmt":"2020-03-29T20:53:17","slug":"storage","status":"publish","type":"page","link":"https:\/\/www.valcrit.com\/pt-br\/solutions-infrastructure\/storage\/","title":{"rendered":"Armazenamento"},"content":{"rendered":"<section class=\"wpb-content-wrapper\"><p>[vc_row content_width=&#8221;grid&#8221; content_aligment=&#8221;center&#8221; css=&#8221;.vc_custom_1565359981672{padding-top: 65px !important;padding-bottom: 20px !important;}&#8221;][vc_column offset=&#8221;vc_col-lg-offset-2 vc_col-lg-8&#8243;][vc_column_text]<\/p>\n<h2>Cat\u00e1logo de Servi\u00e7os<\/h2>\n<p>[\/vc_column_text][vc_empty_space height=&#8221;16px&#8221;][vc_column_text]Esta se\u00e7\u00e3o descreve os servi\u00e7os mais relevantes associados \u00e0s solu\u00e7\u00f5es de armazenamento para infraestrutura tecnol\u00f3gica, onde tamb\u00e9m s\u00e3o considerados aspectos essenciais como disponibilidade, desempenho e seguran\u00e7a.[\/vc_column_text][\/vc_column][\/vc_row][vc_row content_width=&#8221;grid&#8221; css=&#8221;.vc_custom_1565359930332{padding-top: 35px !important;padding-bottom: 35px !important;}&#8221;][vc_column]<div class=\"qodef-tabs qodef-horizontal qodef-tab-text clearfix\">\n\t<ul class=\"qodef-tabs-nav\">\n\t\t\t\t\t<li>\n\t\t\t\t<a href=\"#tab-solucoes-de-armazenamento\">\n\t\t\t\t\tSolu\u00e7\u00f5es de Armazenamento\t\t\t\t<\/a>\n\t\t\t<\/li>\n\t\t\t\t\t<li>\n\t\t\t\t<a href=\"#tab-atributos-nao-funcionais\">\n\t\t\t\t\tAtributos n\u00e3o Funcionais\t\t\t\t<\/a>\n\t\t\t<\/li>\n\t\t\t<\/ul>\n\t<div  class=\"qodef-tab-container\" id=\"tab-solucoes-de-armazenamento\" data-icon-pack=\"font_awesome\" data-icon-html=\"&lt;i class=&quot;qodef-icon-font-awesome fa  &quot; &gt;&lt;\/i&gt;\">\n    [vc_column_text]Aconselhamento, desenho e gerenciamento das solu\u00e7\u00f5es de armazenamento mais adequadas \u00e0s suas necessidades de neg\u00f3cios, incluindo sistemas DAS (armazenamento conectado diretamente), NAS (armazenamento conectado \u00e0 rede), SAN (rede de \u00e1rea de armazenamento) e sistemas em nuvem. Algumas das tecnologias dispon\u00edveis para esses fins s\u00e3o HP P2000 MSA \u2122, Google Cloud Storage \u2122, Amazon Web Services S3 \u2122, etc.[\/vc_column_text]<\/div>\t\n\n<div  class=\"qodef-tab-container\" id=\"tab-atributos-nao-funcionais\" data-icon-pack=\"font_awesome\" data-icon-html=\"&lt;i class=&quot;qodef-icon-font-awesome fa  &quot; &gt;&lt;\/i&gt;\">\n    [vc_column_text]Considera\u00e7\u00e3o dos seguintes aspectos fundamentais inerentes a qualquer solu\u00e7\u00e3o de armazenamento:<\/p>\n<ul>\n<li>Disponibilidade: defini\u00e7\u00e3o e implementa\u00e7\u00e3o de mecanismos de redund\u00e2ncia, replica\u00e7\u00e3o, prote\u00e7\u00e3o, recupera\u00e7\u00e3o e arquivamento de dados.<\/li>\n<li>Desempenho: Desenho e otimiza\u00e7\u00e3o de carga da solu\u00e7\u00e3o de armazenamento.<\/li>\n<li>Seguran\u00e7a: pol\u00edticas de prote\u00e7\u00e3o de dados baseadas em fitas, bibliotecas virtuais (VTL) etc. Tamb\u00e9m inclui a sele\u00e7\u00e3o e configura\u00e7\u00e3o de mecanismos de redund\u00e2ncia, criptografia e clonagem. Nesta categoria est\u00e3o solu\u00e7\u00f5es como HP MSL \u2122, entre outras.<\/li>\n<\/ul>\n<p>[\/vc_column_text]<\/div>\t\n\n<\/div>\n\n[\/vc_column][\/vc_row]<\/p>\n<\/section>","protected":false},"excerpt":{"rendered":"<p>[vc_row content_width=&#8221;grid&#8221; content_aligment=&#8221;center&#8221; css=&#8221;.vc_custom_1565359981672{padding-top: 65px !important;padding-bottom: 20px !important;}&#8221;][vc_column offset=&#8221;vc_col-lg-offset-2 vc_col-lg-8&#8243;][vc_column_text] Cat\u00e1logo de Servi\u00e7os [\/vc_column_text][vc_empty_space height=&#8221;16px&#8221;][vc_column_text]Esta se\u00e7\u00e3o descreve os servi\u00e7os mais relevantes&#8230;<\/p>\n","protected":false},"author":2,"featured_media":0,"parent":8594,"menu_order":0,"comment_status":"closed","ping_status":"closed","template":"full-width.php","meta":{"footnotes":""},"class_list":["post-8622","page","type-page","status-publish","hentry"],"_links":{"self":[{"href":"https:\/\/www.valcrit.com\/pt-br\/wp-json\/wp\/v2\/pages\/8622","targetHints":{"allow":["GET"]}}],"collection":[{"href":"https:\/\/www.valcrit.com\/pt-br\/wp-json\/wp\/v2\/pages"}],"about":[{"href":"https:\/\/www.valcrit.com\/pt-br\/wp-json\/wp\/v2\/types\/page"}],"author":[{"embeddable":true,"href":"https:\/\/www.valcrit.com\/pt-br\/wp-json\/wp\/v2\/users\/2"}],"replies":[{"embeddable":true,"href":"https:\/\/www.valcrit.com\/pt-br\/wp-json\/wp\/v2\/comments?post=8622"}],"version-history":[{"count":3,"href":"https:\/\/www.valcrit.com\/pt-br\/wp-json\/wp\/v2\/pages\/8622\/revisions"}],"predecessor-version":[{"id":8706,"href":"https:\/\/www.valcrit.com\/pt-br\/wp-json\/wp\/v2\/pages\/8622\/revisions\/8706"}],"up":[{"embeddable":true,"href":"https:\/\/www.valcrit.com\/pt-br\/wp-json\/wp\/v2\/pages\/8594"}],"wp:attachment":[{"href":"https:\/\/www.valcrit.com\/pt-br\/wp-json\/wp\/v2\/media?parent=8622"}],"curies":[{"name":"wp","href":"https:\/\/api.w.org\/{rel}","templated":true}]}}