{"id":8616,"date":"2019-08-09T11:34:33","date_gmt":"2019-08-09T14:34:33","guid":{"rendered":"https:\/\/valcrit.com\/solutions-infrastructure\/compute\/"},"modified":"2020-03-29T18:07:12","modified_gmt":"2020-03-29T21:07:12","slug":"compute","status":"publish","type":"page","link":"https:\/\/www.valcrit.com\/pt-br\/solutions-infrastructure\/compute\/","title":{"rendered":"Processamento"},"content":{"rendered":"<section class=\"wpb-content-wrapper\"><p>[vc_row content_width=&#8221;grid&#8221; content_aligment=&#8221;center&#8221; css=&#8221;.vc_custom_1565359981672{padding-top: 65px !important;padding-bottom: 20px !important;}&#8221;][vc_column offset=&#8221;vc_col-lg-offset-2 vc_col-lg-8&#8243;][vc_column_text]<\/p>\n<h2>Cat\u00e1logo de Servi\u00e7os<\/h2>\n<p>[\/vc_column_text][vc_empty_space height=&#8221;16px&#8221;][vc_column_text]Esta se\u00e7\u00e3o descreve os servi\u00e7os mais relevantes associados aos recursos de processamento de dados da infraestrutura tecnol\u00f3gica.[\/vc_column_text][\/vc_column][\/vc_row][vc_row content_width=&#8221;grid&#8221; css=&#8221;.vc_custom_1565359930332{padding-top: 35px !important;padding-bottom: 35px !important;}&#8221;][vc_column]<div class=\"qodef-tabs qodef-horizontal qodef-tab-text clearfix\">\n\t<ul class=\"qodef-tabs-nav\">\n\t\t\t\t\t<li>\n\t\t\t\t<a href=\"#tab-servidores-fisicos\">\n\t\t\t\t\tServidores F\u00edsicos\t\t\t\t<\/a>\n\t\t\t<\/li>\n\t\t\t\t\t<li>\n\t\t\t\t<a href=\"#tab-virtualizacao\">\n\t\t\t\t\tVirtualiza\u00e7\u00e3o\t\t\t\t<\/a>\n\t\t\t<\/li>\n\t\t\t\t\t<li>\n\t\t\t\t<a href=\"#tab-contentores\">\n\t\t\t\t\tContentores\t\t\t\t<\/a>\n\t\t\t<\/li>\n\t\t\t\t\t<li>\n\t\t\t\t<a href=\"#tab-midrange\">\n\t\t\t\t\tMidrange\t\t\t\t<\/a>\n\t\t\t<\/li>\n\t\t\t\t\t<li>\n\t\t\t\t<a href=\"#tab-computacao-em-nuvem\">\n\t\t\t\t\tComputa\u00e7\u00e3o em nuvem\t\t\t\t<\/a>\n\t\t\t<\/li>\n\t\t\t\t\t<li>\n\t\t\t\t<a href=\"#tab-atributos-nao-funcionais\">\n\t\t\t\t\tAtributos n\u00e3o Funcionais\t\t\t\t<\/a>\n\t\t\t<\/li>\n\t\t\t<\/ul>\n\t<div  class=\"qodef-tab-container\" id=\"tab-servidores-fisicos\" data-icon-pack=\"font_awesome\" data-icon-html=\"&lt;i class=&quot;qodef-icon-font-awesome fa  &quot; &gt;&lt;\/i&gt;\">\n    [vc_column_text]Defini\u00e7\u00e3o das necessidades de capacidade de processamento e desenho da solu\u00e7\u00e3o mais adequada aos requisitos. Os servidores f\u00edsicos podem ser independentes (servidores completos instalados no local) ou blade (servidores que compartilham v\u00e1rios componentes para economizar espa\u00e7o e dinheiro, entre outras vantagens). Algumas das solu\u00e7\u00f5es de mercado nessa categoria s\u00e3o HP Proliant \u2122, HP BladeSystem \u2122 etc.[\/vc_column_text]<\/div>\t\n\n<div  class=\"qodef-tab-container\" id=\"tab-virtualizacao\" data-icon-pack=\"font_awesome\" data-icon-html=\"&lt;i class=&quot;qodef-icon-font-awesome fa  &quot; &gt;&lt;\/i&gt;\">\n    [vc_column_text]Desenho, configura\u00e7\u00e3o e gerenciamento do hipervisor que orquestrar\u00e1 a opera\u00e7\u00e3o adequada das m\u00e1quinas virtuais. Algumas das tecnologias usadas nesta categoria s\u00e3o VMware ESXI \u2122 e Microsoft Hyper-V \u2122, entre outras. Em rela\u00e7\u00e3o \u00e0s vantagens desse tipo de solu\u00e7\u00e3o, vale destacar a alta disponibilidade e a otimiza\u00e7\u00e3o dos recursos dos servidores f\u00edsicos.[\/vc_column_text]<\/div>\t\n\n<div  class=\"qodef-tab-container\" id=\"tab-contentores\" data-icon-pack=\"font_awesome\" data-icon-html=\"&lt;i class=&quot;qodef-icon-font-awesome fa  &quot; &gt;&lt;\/i&gt;\">\n    [vc_column_text]Desenho e configura\u00e7\u00e3o desse m\u00e9todo de virtualiza\u00e7\u00e3o, onde \u00e9 poss\u00edvel criar m\u00e1quinas virtuais usando um \u00fanico sistema operacional compartilhado para todas elas. Uma das vantagens desse tipo de tecnologia \u00e9 encapsular aplicativos de maneira \u00f3tima, fornecer maior portabilidade e facilidade de implanta\u00e7\u00e3o. Algumas das solu\u00e7\u00f5es de mercado que suportam esse tipo de metodologia s\u00e3o o Google Kubernetes \u2122, Amazon Elastic Kubernetes \u2122. Etc.[\/vc_column_text]<\/div>\t\n\n<div  class=\"qodef-tab-container\" id=\"tab-midrange\" data-icon-pack=\"font_awesome\" data-icon-html=\"&lt;i class=&quot;qodef-icon-font-awesome fa  &quot; &gt;&lt;\/i&gt;\">\n    [vc_column_text]Consultoria e desenho de solu\u00e7\u00f5es baseadas em sistemas de m\u00e9dio porte, onde s\u00e3o necess\u00e1rias maiores capacidades de carga de trabalho, disponibilidade, desempenho e maturidade. Nesta categoria, podemos mencionar os sistemas HP Integrity \u2122.[\/vc_column_text]<\/div>\t\n\n<div  class=\"qodef-tab-container\" id=\"tab-computacao-em-nuvem\" data-icon-pack=\"font_awesome\" data-icon-html=\"&lt;i class=&quot;qodef-icon-font-awesome fa  &quot; &gt;&lt;\/i&gt;\">\n    [vc_column_text]An\u00e1lise, desenho e gerenciamento de solu\u00e7\u00f5es de processamento baseado em nuvem (IaaS) de alto desempenho e escal\u00e1veis, nas quais voc\u00ea paga pelo uso efetivamente fornecido. As solu\u00e7\u00f5es desse tipo s\u00e3o Google Compute Engine \u2122, Amazon Elastic Compute Cloud \u2122, Microsoft Azure Virtual Machine \u2122 etc.[\/vc_column_text]<\/div>\t\n\n<div  class=\"qodef-tab-container\" id=\"tab-atributos-nao-funcionais\" data-icon-pack=\"font_awesome\" data-icon-html=\"&lt;i class=&quot;qodef-icon-font-awesome fa  &quot; &gt;&lt;\/i&gt;\">\n    [vc_column_text]<\/p>\n<div class=\"tlid-input input\">\n<div class=\"source-wrap\">\n<div class=\"input-full-height-wrapper tlid-input-full-height-wrapper\">\n<div class=\"source-input\">\n<div class=\"source-footer-wrap source-or-target-footer\">\n<div class=\"character-count tlid-character-count\">\n<div class=\"cc-ctr normal\">Cada uma das solu\u00e7\u00f5es acima mencionadas exige levar em considera\u00e7\u00e3o atributos fundamentais para que a capacidade de processamento esteja sempre dentro das expectativas, como aspectos relacionados \u00e0 alta disponibilidade, desempenho e seguran\u00e7a.<\/div>\n<\/div>\n<\/div>\n<\/div>\n<\/div>\n<\/div>\n<\/div>\n<p>[\/vc_column_text]<\/div>\t\n\n<\/div>\n\n[\/vc_column][\/vc_row]<\/p>\n<\/section>","protected":false},"excerpt":{"rendered":"<p>[vc_row content_width=&#8221;grid&#8221; content_aligment=&#8221;center&#8221; css=&#8221;.vc_custom_1565359981672{padding-top: 65px !important;padding-bottom: 20px !important;}&#8221;][vc_column offset=&#8221;vc_col-lg-offset-2 vc_col-lg-8&#8243;][vc_column_text] Cat\u00e1logo de Servi\u00e7os [\/vc_column_text][vc_empty_space height=&#8221;16px&#8221;][vc_column_text]Esta se\u00e7\u00e3o descreve os servi\u00e7os mais relevantes&#8230;<\/p>\n","protected":false},"author":2,"featured_media":0,"parent":8594,"menu_order":0,"comment_status":"closed","ping_status":"closed","template":"full-width.php","meta":{"footnotes":""},"class_list":["post-8616","page","type-page","status-publish","hentry"],"_links":{"self":[{"href":"https:\/\/www.valcrit.com\/pt-br\/wp-json\/wp\/v2\/pages\/8616","targetHints":{"allow":["GET"]}}],"collection":[{"href":"https:\/\/www.valcrit.com\/pt-br\/wp-json\/wp\/v2\/pages"}],"about":[{"href":"https:\/\/www.valcrit.com\/pt-br\/wp-json\/wp\/v2\/types\/page"}],"author":[{"embeddable":true,"href":"https:\/\/www.valcrit.com\/pt-br\/wp-json\/wp\/v2\/users\/2"}],"replies":[{"embeddable":true,"href":"https:\/\/www.valcrit.com\/pt-br\/wp-json\/wp\/v2\/comments?post=8616"}],"version-history":[{"count":3,"href":"https:\/\/www.valcrit.com\/pt-br\/wp-json\/wp\/v2\/pages\/8616\/revisions"}],"predecessor-version":[{"id":8704,"href":"https:\/\/www.valcrit.com\/pt-br\/wp-json\/wp\/v2\/pages\/8616\/revisions\/8704"}],"up":[{"embeddable":true,"href":"https:\/\/www.valcrit.com\/pt-br\/wp-json\/wp\/v2\/pages\/8594"}],"wp:attachment":[{"href":"https:\/\/www.valcrit.com\/pt-br\/wp-json\/wp\/v2\/media?parent=8616"}],"curies":[{"name":"wp","href":"https:\/\/api.w.org\/{rel}","templated":true}]}}