{"id":8610,"date":"2019-08-11T13:19:47","date_gmt":"2019-08-11T16:19:47","guid":{"rendered":"https:\/\/valcrit.com\/solutions-infrastructure\/cloudservices\/"},"modified":"2020-03-29T18:16:34","modified_gmt":"2020-03-29T21:16:34","slug":"cloudservices","status":"publish","type":"page","link":"https:\/\/www.valcrit.com\/pt-br\/solutions-infrastructure\/cloudservices\/","title":{"rendered":"Computa\u00e7\u00e3o em nuvem"},"content":{"rendered":"<section class=\"wpb-content-wrapper\"><p>[vc_row content_width=&#8221;grid&#8221; content_aligment=&#8221;center&#8221; css=&#8221;.vc_custom_1565359981672{padding-top: 65px !important;padding-bottom: 20px !important;}&#8221;][vc_column offset=&#8221;vc_col-lg-offset-2 vc_col-lg-8&#8243;][vc_column_text]<\/p>\n<h2>Cat\u00e1logo de Servi\u00e7os<\/h2>\n<p>[\/vc_column_text][vc_empty_space height=&#8221;16px&#8221;][vc_column_text]Esta se\u00e7\u00e3o descreve as solu\u00e7\u00f5es de valor agregado que se concentram nos servi\u00e7os hospedados na nuvem com recursos compartilhados e uso exclusivo ou privado.[\/vc_column_text][\/vc_column][\/vc_row][vc_row content_width=&#8221;grid&#8221; css=&#8221;.vc_custom_1565359930332{padding-top: 35px !important;padding-bottom: 35px !important;}&#8221;][vc_column]<div class=\"qodef-tabs qodef-horizontal qodef-tab-text clearfix\">\n\t<ul class=\"qodef-tabs-nav\">\n\t\t\t\t\t<li>\n\t\t\t\t<a href=\"#tab-infraestrutura-como-servico-iaas\">\n\t\t\t\t\tInfraestrutura como Servi\u00e7o (IaaS)\t\t\t\t<\/a>\n\t\t\t<\/li>\n\t\t\t\t\t<li>\n\t\t\t\t<a href=\"#tab-plataforma-como-servico-paas\">\n\t\t\t\t\tPlataforma como Servi\u00e7o (Paas)\t\t\t\t<\/a>\n\t\t\t<\/li>\n\t\t\t\t\t<li>\n\t\t\t\t<a href=\"#tab-software-como-servico-saas\">\n\t\t\t\t\tSoftware como Servi\u00e7o (SaaS)\t\t\t\t<\/a>\n\t\t\t<\/li>\n\t\t\t\t\t<li>\n\t\t\t\t<a href=\"#tab-transformacao-digital\">\n\t\t\t\t\tTransforma\u00e7\u00e3o Digital\t\t\t\t<\/a>\n\t\t\t<\/li>\n\t\t\t<\/ul>\n\t<div  class=\"qodef-tab-container\" id=\"tab-infraestrutura-como-servico-iaas\" data-icon-pack=\"font_awesome\" data-icon-html=\"&lt;i class=&quot;qodef-icon-font-awesome fa  &quot; &gt;&lt;\/i&gt;\">\n    [vc_column_text]Consultoria, desenho, aquisi\u00e7\u00e3o e gerenciamento de solu\u00e7\u00f5es oferecidas no mercado em que os provedores de tecnologia fornecem armazenamento, conectividade, processamento e outros recursos de computa\u00e7\u00e3o em nuvem. Entre algumas das solu\u00e7\u00f5es de mercado, podemos encontrar o Google Cloud Platform \u2122, Amazon Web Services \u2122, etc.[\/vc_column_text]<\/div>\t\n\n<div  class=\"qodef-tab-container\" id=\"tab-plataforma-como-servico-paas\" data-icon-pack=\"font_awesome\" data-icon-html=\"&lt;i class=&quot;qodef-icon-font-awesome fa  &quot; &gt;&lt;\/i&gt;\">\n    [vc_column_text]Desenho, sele\u00e7\u00e3o e administra\u00e7\u00e3o de provedores de servi\u00e7os onde os clientes podem desenvolver aplicativos na nuvem. Algumas das solu\u00e7\u00f5es de mercado s\u00e3o o Google Cloud Platform \u2122, Amazon Web Services \u2122, etc.[\/vc_column_text]<\/div>\t\n\n<div  class=\"qodef-tab-container\" id=\"tab-software-como-servico-saas\" data-icon-pack=\"font_awesome\" data-icon-html=\"&lt;i class=&quot;qodef-icon-font-awesome fa  &quot; &gt;&lt;\/i&gt;\">\n    [vc_column_text]Assessoria e gerenciamento de solu\u00e7\u00f5es SaaS nas quais o cliente assina o software que eles usar\u00e3o para apoiar seus processos de neg\u00f3cios. Algumas das empresas que oferecem aplicativos nesse formato s\u00e3o: Google, Adobe, Microsoft, Dropbox, Atlassian, SalesForce e Servicenow, entre outras.[\/vc_column_text]<\/div>\t\n\n<div  class=\"qodef-tab-container\" id=\"tab-transformacao-digital\" data-icon-pack=\"font_awesome\" data-icon-html=\"&lt;i class=&quot;qodef-icon-font-awesome fa  &quot; &gt;&lt;\/i&gt;\">\n    [vc_column_text]Acompanhamento no processo de transforma\u00e7\u00e3o digital para integr\u00e1-lo em todas as \u00e1reas da Companhia, modificando a maneira de operar e agregar valor aos clientes.[\/vc_column_text]<\/div>\t\n\n<\/div>\n\n[\/vc_column][\/vc_row]<\/p>\n<\/section>","protected":false},"excerpt":{"rendered":"<p>[vc_row content_width=&#8221;grid&#8221; content_aligment=&#8221;center&#8221; css=&#8221;.vc_custom_1565359981672{padding-top: 65px !important;padding-bottom: 20px !important;}&#8221;][vc_column offset=&#8221;vc_col-lg-offset-2 vc_col-lg-8&#8243;][vc_column_text] Cat\u00e1logo de Servi\u00e7os [\/vc_column_text][vc_empty_space height=&#8221;16px&#8221;][vc_column_text]Esta se\u00e7\u00e3o descreve as solu\u00e7\u00f5es de valor&#8230;<\/p>\n","protected":false},"author":2,"featured_media":0,"parent":8594,"menu_order":0,"comment_status":"closed","ping_status":"closed","template":"full-width.php","meta":{"footnotes":""},"class_list":["post-8610","page","type-page","status-publish","hentry"],"_links":{"self":[{"href":"https:\/\/www.valcrit.com\/pt-br\/wp-json\/wp\/v2\/pages\/8610","targetHints":{"allow":["GET"]}}],"collection":[{"href":"https:\/\/www.valcrit.com\/pt-br\/wp-json\/wp\/v2\/pages"}],"about":[{"href":"https:\/\/www.valcrit.com\/pt-br\/wp-json\/wp\/v2\/types\/page"}],"author":[{"embeddable":true,"href":"https:\/\/www.valcrit.com\/pt-br\/wp-json\/wp\/v2\/users\/2"}],"replies":[{"embeddable":true,"href":"https:\/\/www.valcrit.com\/pt-br\/wp-json\/wp\/v2\/comments?post=8610"}],"version-history":[{"count":3,"href":"https:\/\/www.valcrit.com\/pt-br\/wp-json\/wp\/v2\/pages\/8610\/revisions"}],"predecessor-version":[{"id":8613,"href":"https:\/\/www.valcrit.com\/pt-br\/wp-json\/wp\/v2\/pages\/8610\/revisions\/8613"}],"up":[{"embeddable":true,"href":"https:\/\/www.valcrit.com\/pt-br\/wp-json\/wp\/v2\/pages\/8594"}],"wp:attachment":[{"href":"https:\/\/www.valcrit.com\/pt-br\/wp-json\/wp\/v2\/media?parent=8610"}],"curies":[{"name":"wp","href":"https:\/\/api.w.org\/{rel}","templated":true}]}}