{"id":8603,"date":"2019-08-08T10:26:58","date_gmt":"2019-08-08T13:26:58","guid":{"rendered":"https:\/\/valcrit.com\/solutions-infrastructure\/management\/"},"modified":"2020-03-29T17:48:41","modified_gmt":"2020-03-29T20:48:41","slug":"management","status":"publish","type":"page","link":"https:\/\/www.valcrit.com\/pt-br\/solutions-infrastructure\/management\/","title":{"rendered":"Adm. da infraestrutura"},"content":{"rendered":"<section class=\"wpb-content-wrapper\"><p>[vc_row content_width=&#8221;grid&#8221; content_aligment=&#8221;center&#8221; css=&#8221;.vc_custom_1565359981672{padding-top: 65px !important;padding-bottom: 20px !important;}&#8221;][vc_column offset=&#8221;vc_col-lg-offset-2 vc_col-lg-8&#8243;][vc_column_text]<\/p>\n<h2>Cat\u00e1logo de Servi\u00e7os<\/h2>\n<p>[\/vc_column_text][vc_empty_space height=&#8221;16px&#8221;][vc_column_text]Esta se\u00e7\u00e3o descreve os servi\u00e7os mais relevantes associados \u00e0 administra\u00e7\u00e3o dos diferentes &#8220;blocos de constru\u00e7\u00e3o&#8221; da infraestrutura tecnol\u00f3gica[\/vc_column_text][\/vc_column][\/vc_row][vc_row content_width=&#8221;grid&#8221; css=&#8221;.vc_custom_1565359930332{padding-top: 35px !important;padding-bottom: 35px !important;}&#8221;][vc_column]<div class=\"qodef-tabs qodef-horizontal qodef-tab-text clearfix\">\n\t<ul class=\"qodef-tabs-nav\">\n\t\t\t\t\t<li>\n\t\t\t\t<a href=\"#tab-desenho\">\n\t\t\t\t\tDesenho\t\t\t\t<\/a>\n\t\t\t<\/li>\n\t\t\t\t\t<li>\n\t\t\t\t<a href=\"#tab-aquisicao\">\n\t\t\t\t\tAquisi\u00e7\u00e3o\t\t\t\t<\/a>\n\t\t\t<\/li>\n\t\t\t\t\t<li>\n\t\t\t\t<a href=\"#tab-implementacao\">\n\t\t\t\t\tImplementa\u00e7\u00e3o\t\t\t\t<\/a>\n\t\t\t<\/li>\n\t\t\t\t\t<li>\n\t\t\t\t<a href=\"#tab-manutencao\">\n\t\t\t\t\tManuten\u00e7\u00e3o\t\t\t\t<\/a>\n\t\t\t<\/li>\n\t\t\t<\/ul>\n\t<div  class=\"qodef-tab-container\" id=\"tab-desenho\" data-icon-pack=\"font_awesome\" data-icon-html=\"&lt;i class=&quot;qodef-icon-font-awesome fa  &quot; &gt;&lt;\/i&gt;\">\n    [vc_column_text]An\u00e1lise e sele\u00e7\u00e3o dos componentes de infraestrutura tecnol\u00f3gica mais adequados, com base nos requisitos ou necessidades. Inclui a defini\u00e7\u00e3o da modalidade de aquisi\u00e7\u00e3o de infraestrutura (compra direta, terceiriza\u00e7\u00e3o), assim como tamb\u00e9m onde ser\u00e1 hospedado, como no local, na nuvem (IaaS) ou nas configura\u00e7\u00f5es h\u00edbridas. Al\u00e9m s\u00e3o considerados aspectos relacionados \u00e0 arquitetura, onde \u00e9 analisada a possibilidade de recorrer \u00e0s tecnologias de virtualiza\u00e7\u00e3o ou hiper converg\u00eancia. Em rela\u00e7\u00e3o aos requisitos n\u00e3o funcionais, destacam-se as an\u00e1lises de disponibilidade, escalabilidade, confiabilidade, estabilidade e recupera\u00e7\u00e3o, al\u00e9m de quest\u00f5es relacionadas a desempenho e seguran\u00e7a. Algumas das solu\u00e7\u00f5es tecnol\u00f3gicas que se enquadram nessa categoria s\u00e3o VMware ESXi \u2122, Google Cloud Platform \u2122, Amazon Web Services \u2122 etc.[\/vc_column_text]<\/div>\t\n\n<div  class=\"qodef-tab-container\" id=\"tab-aquisicao\" data-icon-pack=\"font_awesome\" data-icon-html=\"&lt;i class=&quot;qodef-icon-font-awesome fa  &quot; &gt;&lt;\/i&gt;\">\n    [vc_column_text]Determina\u00e7\u00e3o dos diferentes componentes tecnol\u00f3gicos necess\u00e1rios e suporte no processo de cota\u00e7\u00e3o, solicita\u00e7\u00e3o, licenciamento, sele\u00e7\u00e3o de fornecedores, aquisi\u00e7\u00e3o \/ contrata\u00e7\u00e3o, entrega, garantia e renova\u00e7\u00e3o.[\/vc_column_text]<\/div>\t\n\n<div  class=\"qodef-tab-container\" id=\"tab-implementacao\" data-icon-pack=\"font_awesome\" data-icon-html=\"&lt;i class=&quot;qodef-icon-font-awesome fa  &quot; &gt;&lt;\/i&gt;\">\n    [vc_column_text]<\/p>\n<div class=\"tlid-input input\">\n<div class=\"source-wrap\">\n<div class=\"input-full-height-wrapper tlid-input-full-height-wrapper\">\n<div class=\"source-input\">\n<div class=\"source-footer-wrap source-or-target-footer\">\n<div class=\"character-count tlid-character-count\"><\/div>\n<div class=\"source-footer\">\n<div class=\"src-tts left-positioned ttsbutton jfk-button-flat source-or-target-footer-button jfk-button\" tabindex=\"0\" role=\"button\" aria-label=\"Escuchar\" data-tooltip=\"Escuchar\" aria-pressed=\"false\" data-tooltip-align=\"t,c\" aria-hidden=\"false\" aria-disabled=\"false\">\n<div class=\"jfk-button-img\">Configura\u00e7\u00e3o, verifica\u00e7\u00e3o de opera\u00e7\u00e3o e desempenho dos diferentes componentes da solu\u00e7\u00e3o tecnol\u00f3gica.<\/div>\n<\/div>\n<\/div>\n<\/div>\n<\/div>\n<\/div>\n<\/div>\n<\/div>\n<p>[\/vc_column_text]<\/div>\t\n\n<div  class=\"qodef-tab-container\" id=\"tab-manutencao\" data-icon-pack=\"font_awesome\" data-icon-html=\"&lt;i class=&quot;qodef-icon-font-awesome fa  &quot; &gt;&lt;\/i&gt;\">\n    [vc_column_text]Gerenciamento de incidentes, mudan\u00e7as, problemas, capacidade e base de configura\u00e7\u00e3o da infraestrutura tecnol\u00f3gica, seguindo as melhores pr\u00e1ticas definidas no ITIL\u00ae. Tamb\u00e9m inclui tarefas de monitoramento de recursos, registro de eventos e plano de neg\u00f3cios. Algumas das solu\u00e7\u00f5es que se enquadram nessa categoria s\u00e3o o ManageEngine ServiceDesk Plus \u2122, o Unisys Service-now \u2122, o Nagios \u2122, entre outros.[\/vc_column_text]<\/div>\t\n\n<\/div>\n\n[\/vc_column][\/vc_row]<\/p>\n<\/section>","protected":false},"excerpt":{"rendered":"<p>[vc_row content_width=&#8221;grid&#8221; content_aligment=&#8221;center&#8221; css=&#8221;.vc_custom_1565359981672{padding-top: 65px !important;padding-bottom: 20px !important;}&#8221;][vc_column offset=&#8221;vc_col-lg-offset-2 vc_col-lg-8&#8243;][vc_column_text] Cat\u00e1logo de Servi\u00e7os [\/vc_column_text][vc_empty_space height=&#8221;16px&#8221;][vc_column_text]Esta se\u00e7\u00e3o descreve os servi\u00e7os mais relevantes&#8230;<\/p>\n","protected":false},"author":2,"featured_media":0,"parent":8594,"menu_order":0,"comment_status":"closed","ping_status":"closed","template":"full-width.php","meta":{"footnotes":""},"class_list":["post-8603","page","type-page","status-publish","hentry"],"_links":{"self":[{"href":"https:\/\/www.valcrit.com\/pt-br\/wp-json\/wp\/v2\/pages\/8603","targetHints":{"allow":["GET"]}}],"collection":[{"href":"https:\/\/www.valcrit.com\/pt-br\/wp-json\/wp\/v2\/pages"}],"about":[{"href":"https:\/\/www.valcrit.com\/pt-br\/wp-json\/wp\/v2\/types\/page"}],"author":[{"embeddable":true,"href":"https:\/\/www.valcrit.com\/pt-br\/wp-json\/wp\/v2\/users\/2"}],"replies":[{"embeddable":true,"href":"https:\/\/www.valcrit.com\/pt-br\/wp-json\/wp\/v2\/comments?post=8603"}],"version-history":[{"count":4,"href":"https:\/\/www.valcrit.com\/pt-br\/wp-json\/wp\/v2\/pages\/8603\/revisions"}],"predecessor-version":[{"id":8701,"href":"https:\/\/www.valcrit.com\/pt-br\/wp-json\/wp\/v2\/pages\/8603\/revisions\/8701"}],"up":[{"embeddable":true,"href":"https:\/\/www.valcrit.com\/pt-br\/wp-json\/wp\/v2\/pages\/8594"}],"wp:attachment":[{"href":"https:\/\/www.valcrit.com\/pt-br\/wp-json\/wp\/v2\/media?parent=8603"}],"curies":[{"name":"wp","href":"https:\/\/api.w.org\/{rel}","templated":true}]}}