{"id":8594,"date":"2019-08-03T15:19:12","date_gmt":"2019-08-03T18:19:12","guid":{"rendered":"https:\/\/valcrit.com\/solutions-infrastructure\/"},"modified":"2020-04-11T18:33:08","modified_gmt":"2020-04-11T21:33:08","slug":"solutions-infrastructure","status":"publish","type":"page","link":"https:\/\/www.valcrit.com\/pt-br\/solutions-infrastructure\/","title":{"rendered":"Infraestrutura"},"content":{"rendered":"<section class=\"wpb-content-wrapper\"><p>[vc_row content_width=&#8221;grid&#8221; content_aligment=&#8221;center&#8221; css=&#8221;.vc_custom_1446483260563{padding-top: 65px !important;padding-bottom: 70px !important;}&#8221;][vc_column offset=&#8221;vc_col-lg-offset-2 vc_col-lg-8&#8243;][vc_column_text]<\/p>\n<h2>A chave \u00e9 a inova\u00e7\u00e3o permanente<\/h2>\n<p>[\/vc_column_text][vc_empty_space height=&#8221;16px&#8221;][vc_column_text]Uma sele\u00e7\u00e3o e combina\u00e7\u00e3o apropriadas das tecnologias que melhor atendem \u00e0s suas necessidades formar\u00e3o bases s\u00f3lidas para posteriormente poder executar processos eficientes e fornecer solu\u00e7\u00f5es aos seus clientes que excedam suas expectativas. Oferecemos abaixo as diferentes \u00e1reas de consultoria em rela\u00e7\u00e3o \u00e0 infraestrutura de TI.[\/vc_column_text][\/vc_column][\/vc_row][vc_row content_width=&#8221;grid&#8221; css=&#8221;.vc_custom_1565187596777{padding-bottom: 35px !important;}&#8221;][vc_column width=&#8221;1\/2&#8243; offset=&#8221;vc_col-lg-3 vc_col-md-6&#8243;]<div class=\"qodef-info-box qodef-with-border qodef-animate qodef-back-margin\">\n\n\t<div class=\"qodef-info-box-font-side qodef-dark\" >\n\t\t<div class=\"qodef-info-box-front-side-inner\">\n\t\t\t<div class=\"qodef-info-box-icon-holder\" style=\"padding-bottom: 9px\">\n\t\t\t\t\t\t\t\t\t<img loading=\"lazy\" decoding=\"async\" width=\"109\" height=\"82\" src=\"https:\/\/www.valcrit.com\/wp-content\/uploads\/2019\/08\/Cloud-Services-Icon.jpg\" class=\"attachment-full size-full\" alt=\"\" \/>\t\t\t\t\t\t\t<\/div>\n\t\t\t\t\t\t\t<div class=\"qodef-info-box-title\">\n\t\t\t\t\t<h6>Servi\u00e7os na nuvem<\/h6>\n\t\t\t\t<\/div>\n\t\t\t\t\t\t\t\t\t\t<div class=\"qodef-info-box-text\">\n\t\t\t\t\t<p>IaaS, PaaS, SaaS<\/p>\n\t\t\t\t<\/div>\n\t\t\t\t\t<\/div>\n\t<\/div>\n\n\t\t\t<div class=\"qodef-info-box-back-side qodef-dark\" >\n\t\t\t<div class=\"qodef-info-box-back-side-inner\">\n\t\t\t\t\t\t\t\t\t<div class=\"qodef-info-box-text\">\n\t\t\t\t\t\t<p>Infraestrutura como servi\u00e7o (IaaS), Plataforma como servi\u00e7o (PaaS), Software como servi\u00e7o (SaaS)<\/p>\n\t\t\t\t\t<\/div>\n\t\t\t\t\t\t\t\t\t\t\t\t\t<div class=\"qodef-info-box-button\">\n\t\t\t\t\t\t<a href=\"https:\/\/www.valcrit.com\/pt-br\/solutions-infrastructure\/cloudservices\/\" target=\"_self\"  class=\"qodef-btn qodef-btn-medium qodef-btn-outline\"  >        <span class=\"qodef-btn-text\">Saiba Mais<\/span>    <span class=\"qodef-btn-text-icon\"><\/span><\/a>\t\t\t\t\t<\/div>\n\t\t\t\t\t\t\t<\/div>\n\t\t<\/div>\n\t\n<\/div>[vc_empty_space height=&#8221;3px&#8221;][\/vc_column][vc_column width=&#8221;1\/2&#8243; offset=&#8221;vc_col-lg-3 vc_col-md-6&#8243;]<div class=\"qodef-info-box qodef-with-border qodef-animate qodef-back-margin\">\n\n\t<div class=\"qodef-info-box-font-side qodef-dark\" >\n\t\t<div class=\"qodef-info-box-front-side-inner\">\n\t\t\t<div class=\"qodef-info-box-icon-holder\" style=\"padding-bottom: 9px\">\n\t\t\t\t\t\t\t\t\t<img loading=\"lazy\" decoding=\"async\" width=\"62\" height=\"86\" src=\"https:\/\/www.valcrit.com\/wp-content\/uploads\/2019\/08\/Infrastructure-Management-Icon.jpg\" class=\"attachment-full size-full\" alt=\"\" \/>\t\t\t\t\t\t\t<\/div>\n\t\t\t\t\t\t\t<div class=\"qodef-info-box-title\">\n\t\t\t\t\t<h6>Administra\u00e7\u00e3o de infraestrutura<\/h6>\n\t\t\t\t<\/div>\n\t\t\t\t\t\t\t\t\t\t<div class=\"qodef-info-box-text\">\n\t\t\t\t\t<p>Gerenciamento de infraestrutura (ITIL), monitoramento, backup<\/p>\n\t\t\t\t<\/div>\n\t\t\t\t\t<\/div>\n\t<\/div>\n\n\t\t\t<div class=\"qodef-info-box-back-side qodef-dark\" >\n\t\t\t<div class=\"qodef-info-box-back-side-inner\">\n\t\t\t\t\t\t\t\t\t<div class=\"qodef-info-box-text\">\n\t\t\t\t\t\t<p>Implementa\u00e7\u00e3o de boas pr\u00e1ticas, incluindo aspectos como disponibilidade, escalabilidade, desempenho, seguran\u00e7a, DRP<\/p>\n\t\t\t\t\t<\/div>\n\t\t\t\t\t\t\t\t\t\t\t\t\t<div class=\"qodef-info-box-button\">\n\t\t\t\t\t\t<a href=\"https:\/\/www.valcrit.com\/pt-br\/solutions-infrastructure\/management\/\" target=\"_self\"  class=\"qodef-btn qodef-btn-medium qodef-btn-outline\"  >        <span class=\"qodef-btn-text\">Saiba Mais<\/span>    <span class=\"qodef-btn-text-icon\"><\/span><\/a>\t\t\t\t\t<\/div>\n\t\t\t\t\t\t\t<\/div>\n\t\t<\/div>\n\t\n<\/div>[vc_empty_space height=&#8221;3px&#8221;][\/vc_column][vc_column width=&#8221;1\/2&#8243; offset=&#8221;vc_col-lg-3 vc_col-md-6&#8243;]<div class=\"qodef-info-box qodef-with-border qodef-animate qodef-back-margin\">\n\n\t<div class=\"qodef-info-box-font-side qodef-dark\" >\n\t\t<div class=\"qodef-info-box-front-side-inner\">\n\t\t\t<div class=\"qodef-info-box-icon-holder\" style=\"padding-bottom: 9px\">\n\t\t\t\t\t\t\t\t\t<img loading=\"lazy\" decoding=\"async\" width=\"90\" height=\"82\" src=\"https:\/\/www.valcrit.com\/wp-content\/uploads\/2019\/08\/Processing-Icon.jpg\" class=\"attachment-full size-full\" alt=\"\" \/>\t\t\t\t\t\t\t<\/div>\n\t\t\t\t\t\t\t<div class=\"qodef-info-box-title\">\n\t\t\t\t\t<h6>Processamento<\/h6>\n\t\t\t\t<\/div>\n\t\t\t\t\t\t\t\t\t\t<div class=\"qodef-info-box-text\">\n\t\t\t\t\t<p>Servidores f\u00edsicos, processamento em nuvem ou implanta\u00e7\u00f5es h\u00edbridas<\/p>\n\t\t\t\t<\/div>\n\t\t\t\t\t<\/div>\n\t<\/div>\n\n\t\t\t<div class=\"qodef-info-box-back-side qodef-dark\" >\n\t\t\t<div class=\"qodef-info-box-back-side-inner\">\n\t\t\t\t\t\t\t\t\t<div class=\"qodef-info-box-text\">\n\t\t\t\t\t\t<p>Inclui consultoria, desenho e implementa\u00e7\u00e3o.<\/p>\n\t\t\t\t\t<\/div>\n\t\t\t\t\t\t\t\t\t\t\t\t\t<div class=\"qodef-info-box-button\">\n\t\t\t\t\t\t<a href=\"https:\/\/www.valcrit.com\/pt-br\/solutions-infrastructure\/compute\/\" target=\"_self\"  class=\"qodef-btn qodef-btn-medium qodef-btn-outline\"  >        <span class=\"qodef-btn-text\">Saiba Mais<\/span>    <span class=\"qodef-btn-text-icon\"><\/span><\/a>\t\t\t\t\t<\/div>\n\t\t\t\t\t\t\t<\/div>\n\t\t<\/div>\n\t\n<\/div>[vc_empty_space height=&#8221;3px&#8221;][\/vc_column][vc_column width=&#8221;1\/2&#8243; offset=&#8221;vc_col-lg-3 vc_col-md-6&#8243;]<div class=\"qodef-info-box qodef-with-border qodef-animate qodef-back-margin\">\n\n\t<div class=\"qodef-info-box-font-side qodef-dark\" >\n\t\t<div class=\"qodef-info-box-front-side-inner\">\n\t\t\t<div class=\"qodef-info-box-icon-holder\" style=\"padding-bottom: 9px\">\n\t\t\t\t\t\t\t\t\t<img loading=\"lazy\" decoding=\"async\" width=\"109\" height=\"72\" src=\"https:\/\/www.valcrit.com\/wp-content\/uploads\/2019\/08\/Storage-Icon.jpg\" class=\"attachment-full size-full\" alt=\"\" \/>\t\t\t\t\t\t\t<\/div>\n\t\t\t\t\t\t\t<div class=\"qodef-info-box-title\">\n\t\t\t\t\t<h6>Armazenamento<\/h6>\n\t\t\t\t<\/div>\n\t\t\t\t\t\t\t\t\t\t<div class=\"qodef-info-box-text\">\n\t\t\t\t\t<p>Armazenamento na nuvem, no local e configura\u00e7\u00f5es combinadas.<\/p>\n\t\t\t\t<\/div>\n\t\t\t\t\t<\/div>\n\t<\/div>\n\n\t\t\t<div class=\"qodef-info-box-back-side qodef-dark\" >\n\t\t\t<div class=\"qodef-info-box-back-side-inner\">\n\t\t\t\t\t\t\t\t\t<div class=\"qodef-info-box-text\">\n\t\t\t\t\t\t<p>Inclui consultoria, desenho, aquisi\u00e7\u00e3o e implementa\u00e7\u00e3o de solu\u00e7\u00f5es de armazenamento.<\/p>\n\t\t\t\t\t<\/div>\n\t\t\t\t\t\t\t\t\t\t\t\t\t<div class=\"qodef-info-box-button\">\n\t\t\t\t\t\t<a href=\"https:\/\/www.valcrit.com\/pt-br\/solutions-infrastructure\/storage\/\" target=\"_self\"  class=\"qodef-btn qodef-btn-medium qodef-btn-outline\"  >        <span class=\"qodef-btn-text\">Saiba Mais<\/span>    <span class=\"qodef-btn-text-icon\"><\/span><\/a>\t\t\t\t\t<\/div>\n\t\t\t\t\t\t\t<\/div>\n\t\t<\/div>\n\t\n<\/div>[vc_empty_space height=&#8221;3px&#8221;][\/vc_column][\/vc_row][vc_row content_width=&#8221;grid&#8221; css=&#8221;.vc_custom_1565187629355{padding-bottom: 35px !important;}&#8221;][vc_column width=&#8221;1\/2&#8243; offset=&#8221;vc_col-lg-3 vc_col-md-6&#8243;]<div class=\"qodef-info-box qodef-with-border qodef-animate qodef-back-margin\">\n\n\t<div class=\"qodef-info-box-font-side qodef-dark\" >\n\t\t<div class=\"qodef-info-box-front-side-inner\">\n\t\t\t<div class=\"qodef-info-box-icon-holder\" style=\"padding-bottom: 9px\">\n\t\t\t\t\t\t\t\t\t<img loading=\"lazy\" decoding=\"async\" width=\"84\" height=\"87\" src=\"https:\/\/www.valcrit.com\/wp-content\/uploads\/2019\/08\/Operating-Systems-Icon.jpg\" class=\"attachment-full size-full\" alt=\"\" \/>\t\t\t\t\t\t\t<\/div>\n\t\t\t\t\t\t\t<div class=\"qodef-info-box-title\">\n\t\t\t\t\t<h6>Sistemas Operacionais<\/h6>\n\t\t\t\t<\/div>\n\t\t\t\t\t\t\t\t\t\t<div class=\"qodef-info-box-text\">\n\t\t\t\t\t<p>Uso comercial e gratuito<\/p>\n\t\t\t\t<\/div>\n\t\t\t\t\t<\/div>\n\t<\/div>\n\n\t\t\t<div class=\"qodef-info-box-back-side qodef-dark\" >\n\t\t\t<div class=\"qodef-info-box-back-side-inner\">\n\t\t\t\t\t\t\t\t\t<div class=\"qodef-info-box-text\">\n\t\t\t\t\t\t<p>Inclui produtos vendidos sob licen\u00e7a e uso gratuito.<\/p>\n\t\t\t\t\t<\/div>\n\t\t\t\t\t\t\t\t\t\t\t\t\t<div class=\"qodef-info-box-button\">\n\t\t\t\t\t\t<a href=\"https:\/\/www.valcrit.com\/pt-br\/solutions-infrastructure\/operatingsystems\/\" target=\"_self\"  class=\"qodef-btn qodef-btn-medium qodef-btn-outline\"  >        <span class=\"qodef-btn-text\">Saiba Mais<\/span>    <span class=\"qodef-btn-text-icon\"><\/span><\/a>\t\t\t\t\t<\/div>\n\t\t\t\t\t\t\t<\/div>\n\t\t<\/div>\n\t\n<\/div>[vc_empty_space height=&#8221;18px&#8221;][\/vc_column][vc_column width=&#8221;1\/2&#8243; offset=&#8221;vc_col-lg-3 vc_col-md-6&#8243;]<div class=\"qodef-info-box qodef-with-border qodef-animate qodef-back-margin\">\n\n\t<div class=\"qodef-info-box-font-side qodef-dark\" >\n\t\t<div class=\"qodef-info-box-front-side-inner\">\n\t\t\t<div class=\"qodef-info-box-icon-holder\" style=\"padding-bottom: 9px\">\n\t\t\t\t\t\t\t\t\t<img loading=\"lazy\" decoding=\"async\" width=\"128\" height=\"87\" src=\"https:\/\/www.valcrit.com\/wp-content\/uploads\/2019\/08\/Networks-Icon.jpg\" class=\"attachment-full size-full\" alt=\"\" \/>\t\t\t\t\t\t\t<\/div>\n\t\t\t\t\t\t\t<div class=\"qodef-info-box-title\">\n\t\t\t\t\t<h6>Redes<\/h6>\n\t\t\t\t<\/div>\n\t\t\t\t\t\t\t\t\t\t<div class=\"qodef-info-box-text\">\n\t\t\t\t\t<p>Redes Lan, Wan, VPN, Firewall<\/p>\n\t\t\t\t<\/div>\n\t\t\t\t\t<\/div>\n\t<\/div>\n\n\t\t\t<div class=\"qodef-info-box-back-side qodef-dark\" >\n\t\t\t<div class=\"qodef-info-box-back-side-inner\">\n\t\t\t\t\t\t\t\t\t<div class=\"qodef-info-box-text\">\n\t\t\t\t\t\t<p>Assist\u00eancia, desenho, aquisi\u00e7\u00e3o e implementa\u00e7\u00e3o.<\/p>\n\t\t\t\t\t<\/div>\n\t\t\t\t\t\t\t\t\t\t\t\t\t<div class=\"qodef-info-box-button\">\n\t\t\t\t\t\t<a href=\"https:\/\/www.valcrit.com\/pt-br\/solutions-infrastructure\/networks\/\" target=\"_self\"  class=\"qodef-btn qodef-btn-medium qodef-btn-outline\"  >        <span class=\"qodef-btn-text\">Saiba Mais<\/span>    <span class=\"qodef-btn-text-icon\"><\/span><\/a>\t\t\t\t\t<\/div>\n\t\t\t\t\t\t\t<\/div>\n\t\t<\/div>\n\t\n<\/div>[vc_empty_space height=&#8221;18px&#8221;][\/vc_column][vc_column width=&#8221;1\/2&#8243; offset=&#8221;vc_col-lg-3 vc_col-md-6&#8243;]<div class=\"qodef-info-box qodef-with-border qodef-animate qodef-back-margin\">\n\n\t<div class=\"qodef-info-box-font-side qodef-dark\" >\n\t\t<div class=\"qodef-info-box-front-side-inner\">\n\t\t\t<div class=\"qodef-info-box-icon-holder\" style=\"padding-bottom: 9px\">\n\t\t\t\t\t\t\t\t\t<img loading=\"lazy\" decoding=\"async\" width=\"86\" height=\"80\" src=\"https:\/\/www.valcrit.com\/wp-content\/uploads\/2019\/08\/Datacenters-Icon.jpg\" class=\"attachment-full size-full\" alt=\"\" \/>\t\t\t\t\t\t\t<\/div>\n\t\t\t\t\t\t\t<div class=\"qodef-info-box-title\">\n\t\t\t\t\t<h6>Datacenters<\/h6>\n\t\t\t\t<\/div>\n\t\t\t\t\t\t\t\t\t\t<div class=\"qodef-info-box-text\">\n\t\t\t\t\t<p>Cabeamento estruturado, refrigera\u00e7\u00e3o, UPS, seguran\u00e7a f\u00edsica.<\/p>\n\t\t\t\t<\/div>\n\t\t\t\t\t<\/div>\n\t<\/div>\n\n\t\t\t<div class=\"qodef-info-box-back-side qodef-dark\" >\n\t\t\t<div class=\"qodef-info-box-back-side-inner\">\n\t\t\t\t\t\t\t\t\t<div class=\"qodef-info-box-text\">\n\t\t\t\t\t\t<p>Inclui tanto o assessoramento como e desenho.<\/p>\n\t\t\t\t\t<\/div>\n\t\t\t\t\t\t\t\t\t\t\t\t\t<div class=\"qodef-info-box-button\">\n\t\t\t\t\t\t<a href=\"https:\/\/www.valcrit.com\/pt-br\/solutions-infrastructure\/datacenters\/\" target=\"_self\"  class=\"qodef-btn qodef-btn-medium qodef-btn-outline\"  >        <span class=\"qodef-btn-text\">Saiba Mais<\/span>    <span class=\"qodef-btn-text-icon\"><\/span><\/a>\t\t\t\t\t<\/div>\n\t\t\t\t\t\t\t<\/div>\n\t\t<\/div>\n\t\n<\/div>[vc_empty_space height=&#8221;18px&#8221;][\/vc_column][vc_column width=&#8221;1\/2&#8243; offset=&#8221;vc_col-lg-3 vc_col-md-6&#8243;]<div class=\"qodef-info-box qodef-with-border qodef-animate qodef-back-margin\">\n\n\t<div class=\"qodef-info-box-font-side qodef-dark\" >\n\t\t<div class=\"qodef-info-box-front-side-inner\">\n\t\t\t<div class=\"qodef-info-box-icon-holder\" style=\"padding-bottom: 9px\">\n\t\t\t\t\t\t\t\t\t<img loading=\"lazy\" decoding=\"async\" width=\"101\" height=\"76\" src=\"https:\/\/www.valcrit.com\/wp-content\/uploads\/2019\/08\/EUCs-Icon.jpg\" class=\"attachment-full size-full\" alt=\"\" srcset=\"https:\/\/www.valcrit.com\/wp-content\/uploads\/2019\/08\/EUCs-Icon.jpg 101w, https:\/\/www.valcrit.com\/wp-content\/uploads\/2019\/08\/EUCs-Icon-100x76.jpg 100w\" sizes=\"auto, (max-width: 101px) 100vw, 101px\" \/>\t\t\t\t\t\t\t<\/div>\n\t\t\t\t\t\t\t<div class=\"qodef-info-box-title\">\n\t\t\t\t\t<h6>Computa\u00e7\u00e3o de usu\u00e1rio final (EUC)<\/h6>\n\t\t\t\t<\/div>\n\t\t\t\t\t\t\t\t\t\t<div class=\"qodef-info-box-text\">\n\t\t\t\t\t<p>Desktops, notebooks, dispositivos mobiles, impressoras, thin clients<\/p>\n\t\t\t\t<\/div>\n\t\t\t\t\t<\/div>\n\t<\/div>\n\n\t\t\t<div class=\"qodef-info-box-back-side qodef-dark\" >\n\t\t\t<div class=\"qodef-info-box-back-side-inner\">\n\t\t\t\t\t\t\t\t\t<div class=\"qodef-info-box-text\">\n\t\t\t\t\t\t<p>Inclui o assessoramento e aquisi\u00e7\u00e3o de equipamentos.<\/p>\n\t\t\t\t\t<\/div>\n\t\t\t\t\t\t\t\t\t\t\t\t\t<div class=\"qodef-info-box-button\">\n\t\t\t\t\t\t<a href=\"https:\/\/www.valcrit.com\/pt-br\/solutions-infrastructure\/euc\/\" target=\"_self\"  class=\"qodef-btn qodef-btn-medium qodef-btn-outline\"  >        <span class=\"qodef-btn-text\">Saiba Mais<\/span>    <span class=\"qodef-btn-text-icon\"><\/span><\/a>\t\t\t\t\t<\/div>\n\t\t\t\t\t\t\t<\/div>\n\t\t<\/div>\n\t\n<\/div>[vc_empty_space height=&#8221;18px&#8221;][\/vc_column][\/vc_row][vc_row content_width=&#8221;grid&#8221;][vc_column width=&#8221;1\/2&#8243; offset=&#8221;vc_col-lg-3 vc_col-md-6&#8243;]<a href=\"https:\/\/www.valcrit.com\/pt-br\/securitymgmt\/\" target=\"_self\"  class=\"qodef-btn qodef-btn-medium qodef-btn-default qodef-va-fix qodef-btn-hover-animation\"  >\n            <div class=\"qodef-animation-overlay-holder\">\n            <span    class=\"qodef-animation-overlay\"><\/span>\n        <\/div>\n        <span class=\"qodef-btn-text\">Saiba Mais<\/span>\n    <span class=\"qodef-btn-text-icon\"><\/span>\n<\/a>[vc_empty_space height=&#8221;18px&#8221;][\/vc_column][\/vc_row]<\/p>\n<\/section>","protected":false},"excerpt":{"rendered":"<p>[vc_row content_width=&#8221;grid&#8221; content_aligment=&#8221;center&#8221; css=&#8221;.vc_custom_1446483260563{padding-top: 65px !important;padding-bottom: 70px !important;}&#8221;][vc_column offset=&#8221;vc_col-lg-offset-2 vc_col-lg-8&#8243;][vc_column_text] A chave \u00e9 a inova\u00e7\u00e3o permanente [\/vc_column_text][vc_empty_space height=&#8221;16px&#8221;][vc_column_text]Uma sele\u00e7\u00e3o e combina\u00e7\u00e3o&#8230;<\/p>\n","protected":false},"author":2,"featured_media":0,"parent":0,"menu_order":0,"comment_status":"closed","ping_status":"closed","template":"full-width.php","meta":{"footnotes":""},"class_list":["post-8594","page","type-page","status-publish","hentry"],"_links":{"self":[{"href":"https:\/\/www.valcrit.com\/pt-br\/wp-json\/wp\/v2\/pages\/8594","targetHints":{"allow":["GET"]}}],"collection":[{"href":"https:\/\/www.valcrit.com\/pt-br\/wp-json\/wp\/v2\/pages"}],"about":[{"href":"https:\/\/www.valcrit.com\/pt-br\/wp-json\/wp\/v2\/types\/page"}],"author":[{"embeddable":true,"href":"https:\/\/www.valcrit.com\/pt-br\/wp-json\/wp\/v2\/users\/2"}],"replies":[{"embeddable":true,"href":"https:\/\/www.valcrit.com\/pt-br\/wp-json\/wp\/v2\/comments?post=8594"}],"version-history":[{"count":10,"href":"https:\/\/www.valcrit.com\/pt-br\/wp-json\/wp\/v2\/pages\/8594\/revisions"}],"predecessor-version":[{"id":9086,"href":"https:\/\/www.valcrit.com\/pt-br\/wp-json\/wp\/v2\/pages\/8594\/revisions\/9086"}],"wp:attachment":[{"href":"https:\/\/www.valcrit.com\/pt-br\/wp-json\/wp\/v2\/media?parent=8594"}],"curies":[{"name":"wp","href":"https:\/\/api.w.org\/{rel}","templated":true}]}}