{"id":8581,"date":"2019-08-16T11:43:21","date_gmt":"2019-08-16T14:43:21","guid":{"rendered":"https:\/\/valcrit.com\/solutions-applications\/backup\/"},"modified":"2020-04-11T18:19:24","modified_gmt":"2020-04-11T21:19:24","slug":"backup","status":"publish","type":"page","link":"https:\/\/www.valcrit.com\/pt-br\/solutions-applications\/backup\/","title":{"rendered":"Prote\u00e7\u00e3o de dados"},"content":{"rendered":"<section class=\"wpb-content-wrapper\"><p>[vc_row content_width=&#8221;grid&#8221; content_aligment=&#8221;center&#8221; css=&#8221;.vc_custom_1565897865931{padding-top: 24px !important;padding-bottom: 5px !important;}&#8221;][vc_column offset=&#8221;vc_col-lg-offset-2 vc_col-lg-8&#8243;][vc_column_text]<\/p>\n<h2>Solu\u00e7\u00f5es de prote\u00e7\u00e3o de dados<\/h2>\n<p>[\/vc_column_text][vc_empty_space height=&#8221;16px&#8221;][vc_column_text]<\/p>\n<p style=\"background: white; vertical-align: baseline;\">Ferramentas e solu\u00e7\u00f5es para prote\u00e7\u00e3o abrangente de dados e recupera\u00e7\u00e3o de desastres. Oferecemos toda a nossa experi\u00eancia corporativa neste tipo de solu\u00e7\u00f5es.<\/p>\n<p>[\/vc_column_text][\/vc_column][\/vc_row][vc_row content_width=&#8221;grid&#8221;][vc_column width=&#8221;1\/2&#8243; offset=&#8221;vc_col-lg-3 vc_col-md-6&#8243;]<div class=\"qodef-underline-icon-box-holder left qodef-underline-animation\">\n\t<div class=\"qodef-underline-icon-box-holder-inner\">\n\t\t<div class=\"qodef-underline-icon-box-icon-holder\">\n\t\t\t\n    <span class=\"qodef-icon-shortcode normal \"  >\n        \n        <i class=\"qodef-icon-font-awesome fa  qodef-icon-element\" style=\"\" ><\/i>\n            <\/span>\n\n\t\t<\/div>\n\t\t<div class=\"qodef-underline-icon-box-text-holder\">\n\t\t\t<div class=\"qodef-underline-icon-box-title\">\n\t\t\t\t<h4>Veritas Backup Exec \u2122<\/h4>\n\t\t\t<\/div>\n\t\t\t<div class=\"qodef-underline-icon-box-text\">\n\t\t\t\t<p>Software de prote\u00e7\u00e3o de dados para ambientes f\u00edsicos e virtuais h\u00edbridos. (www.veritas.com)<\/p>\n\t\t\t<\/div>\n\t\t<\/div>\n\t<\/div>\n\t<div class=\"qodef-underline-icon-box-underline\">\n\t\t<span class=\"qodef-underline-holder\"><\/span>\n\t<\/div>\n<\/div>[\/vc_column][\/vc_row]<\/p>\n<\/section>","protected":false},"excerpt":{"rendered":"<p>[vc_row content_width=&#8221;grid&#8221; content_aligment=&#8221;center&#8221; css=&#8221;.vc_custom_1565897865931{padding-top: 24px !important;padding-bottom: 5px !important;}&#8221;][vc_column offset=&#8221;vc_col-lg-offset-2 vc_col-lg-8&#8243;][vc_column_text] Solu\u00e7\u00f5es de prote\u00e7\u00e3o de dados [\/vc_column_text][vc_empty_space height=&#8221;16px&#8221;][vc_column_text] Ferramentas e solu\u00e7\u00f5es para&#8230;<\/p>\n","protected":false},"author":2,"featured_media":0,"parent":8508,"menu_order":0,"comment_status":"closed","ping_status":"closed","template":"full-width.php","meta":{"footnotes":""},"class_list":["post-8581","page","type-page","status-publish","hentry"],"_links":{"self":[{"href":"https:\/\/www.valcrit.com\/pt-br\/wp-json\/wp\/v2\/pages\/8581","targetHints":{"allow":["GET"]}}],"collection":[{"href":"https:\/\/www.valcrit.com\/pt-br\/wp-json\/wp\/v2\/pages"}],"about":[{"href":"https:\/\/www.valcrit.com\/pt-br\/wp-json\/wp\/v2\/types\/page"}],"author":[{"embeddable":true,"href":"https:\/\/www.valcrit.com\/pt-br\/wp-json\/wp\/v2\/users\/2"}],"replies":[{"embeddable":true,"href":"https:\/\/www.valcrit.com\/pt-br\/wp-json\/wp\/v2\/comments?post=8581"}],"version-history":[{"count":3,"href":"https:\/\/www.valcrit.com\/pt-br\/wp-json\/wp\/v2\/pages\/8581\/revisions"}],"predecessor-version":[{"id":9085,"href":"https:\/\/www.valcrit.com\/pt-br\/wp-json\/wp\/v2\/pages\/8581\/revisions\/9085"}],"up":[{"embeddable":true,"href":"https:\/\/www.valcrit.com\/pt-br\/wp-json\/wp\/v2\/pages\/8508"}],"wp:attachment":[{"href":"https:\/\/www.valcrit.com\/pt-br\/wp-json\/wp\/v2\/media?parent=8581"}],"curies":[{"name":"wp","href":"https:\/\/api.w.org\/{rel}","templated":true}]}}