{"id":8551,"date":"2019-08-16T10:21:57","date_gmt":"2019-08-16T13:21:57","guid":{"rendered":"https:\/\/valcrit.com\/solutions-applications\/projectmgmt\/"},"modified":"2020-04-11T17:49:57","modified_gmt":"2020-04-11T20:49:57","slug":"projectmgmt","status":"publish","type":"page","link":"https:\/\/www.valcrit.com\/pt-br\/solutions-applications\/projectmgmt\/","title":{"rendered":"Gerenciamento de projetos"},"content":{"rendered":"<section class=\"wpb-content-wrapper\"><p>[vc_row content_width=&#8221;grid&#8221; content_aligment=&#8221;center&#8221; css=&#8221;.vc_custom_1565897865931{padding-top: 24px !important;padding-bottom: 5px !important;}&#8221;][vc_column offset=&#8221;vc_col-lg-offset-2 vc_col-lg-8&#8243;][vc_column_text]<\/p>\n<h2>Software de gerenciamento de projetos<\/h2>\n<p>[\/vc_column_text][vc_empty_space height=&#8221;16px&#8221;][vc_column_text]Solu\u00e7\u00f5es que ajudam os gerentes de projeto e tudo o time a colaborar e alcan\u00e7ar objetivos no prazo, gerenciando recursos, custos e tempo com efici\u00eancia. Eles fornecem assist\u00eancia em rela\u00e7\u00e3o \u00e0s atividades de atribui\u00e7\u00e3o de tarefas, monitoramento no progresso, controle de or\u00e7amento, entre muitos outros. Oferecemos servi\u00e7os de consultoria abrangentes sobre os seguintes produtos.[\/vc_column_text][\/vc_column][\/vc_row][vc_row content_width=&#8221;grid&#8221;][vc_column width=&#8221;1\/2&#8243; offset=&#8221;vc_col-lg-3 vc_col-md-6&#8243;]<div class=\"qodef-underline-icon-box-holder left qodef-underline-animation\">\n\t<div class=\"qodef-underline-icon-box-holder-inner\">\n\t\t<div class=\"qodef-underline-icon-box-icon-holder\">\n\t\t\t\n    <span class=\"qodef-icon-shortcode normal \"  >\n        \n        <i class=\"qodef-icon-font-awesome fa  qodef-icon-element\" style=\"\" ><\/i>\n            <\/span>\n\n\t\t<\/div>\n\t\t<div class=\"qodef-underline-icon-box-text-holder\">\n\t\t\t<div class=\"qodef-underline-icon-box-title\">\n\t\t\t\t<h4>Atlassian Jira \u2122<\/h4>\n\t\t\t<\/div>\n\t\t\t<div class=\"qodef-underline-icon-box-text\">\n\t\t\t\t<p>Ferramenta para administra\u00e7\u00e3o de tarefas e gerenciamento operacional. (www.atlassian.com\/software\/jira)<\/p>\n\t\t\t<\/div>\n\t\t<\/div>\n\t<\/div>\n\t<div class=\"qodef-underline-icon-box-underline\">\n\t\t<span class=\"qodef-underline-holder\"><\/span>\n\t<\/div>\n<\/div>[\/vc_column][vc_column width=&#8221;1\/2&#8243; offset=&#8221;vc_col-lg-3 vc_col-md-6&#8243;]<div class=\"qodef-underline-icon-box-holder left qodef-underline-animation\">\n\t<div class=\"qodef-underline-icon-box-holder-inner\">\n\t\t<div class=\"qodef-underline-icon-box-icon-holder\">\n\t\t\t\n    <span class=\"qodef-icon-shortcode normal \"  >\n        \n        <i class=\"qodef-icon-font-awesome fa  qodef-icon-element\" style=\"\" ><\/i>\n            <\/span>\n\n\t\t<\/div>\n\t\t<div class=\"qodef-underline-icon-box-text-holder\">\n\t\t\t<div class=\"qodef-underline-icon-box-title\">\n\t\t\t\t<h4>Microsoft Project \u2122<\/h4>\n\t\t\t<\/div>\n\t\t\t<div class=\"qodef-underline-icon-box-text\">\n\t\t\t\t<p>Simplifica o gerenciamento de portf\u00f3lios e recursos com sucesso. (www.microsoft.com\/project)<\/p>\n\t\t\t<\/div>\n\t\t<\/div>\n\t<\/div>\n\t<div class=\"qodef-underline-icon-box-underline\">\n\t\t<span class=\"qodef-underline-holder\"><\/span>\n\t<\/div>\n<\/div>[\/vc_column][\/vc_row]<\/p>\n<\/section>","protected":false},"excerpt":{"rendered":"<p>[vc_row content_width=&#8221;grid&#8221; content_aligment=&#8221;center&#8221; css=&#8221;.vc_custom_1565897865931{padding-top: 24px !important;padding-bottom: 5px !important;}&#8221;][vc_column offset=&#8221;vc_col-lg-offset-2 vc_col-lg-8&#8243;][vc_column_text] Software de gerenciamento de projetos [\/vc_column_text][vc_empty_space height=&#8221;16px&#8221;][vc_column_text]Solu\u00e7\u00f5es que ajudam os gerentes&#8230;<\/p>\n","protected":false},"author":2,"featured_media":0,"parent":8508,"menu_order":0,"comment_status":"closed","ping_status":"closed","template":"full-width.php","meta":{"footnotes":""},"class_list":["post-8551","page","type-page","status-publish","hentry"],"_links":{"self":[{"href":"https:\/\/www.valcrit.com\/pt-br\/wp-json\/wp\/v2\/pages\/8551","targetHints":{"allow":["GET"]}}],"collection":[{"href":"https:\/\/www.valcrit.com\/pt-br\/wp-json\/wp\/v2\/pages"}],"about":[{"href":"https:\/\/www.valcrit.com\/pt-br\/wp-json\/wp\/v2\/types\/page"}],"author":[{"embeddable":true,"href":"https:\/\/www.valcrit.com\/pt-br\/wp-json\/wp\/v2\/users\/2"}],"replies":[{"embeddable":true,"href":"https:\/\/www.valcrit.com\/pt-br\/wp-json\/wp\/v2\/comments?post=8551"}],"version-history":[{"count":5,"href":"https:\/\/www.valcrit.com\/pt-br\/wp-json\/wp\/v2\/pages\/8551\/revisions"}],"predecessor-version":[{"id":9082,"href":"https:\/\/www.valcrit.com\/pt-br\/wp-json\/wp\/v2\/pages\/8551\/revisions\/9082"}],"up":[{"embeddable":true,"href":"https:\/\/www.valcrit.com\/pt-br\/wp-json\/wp\/v2\/pages\/8508"}],"wp:attachment":[{"href":"https:\/\/www.valcrit.com\/pt-br\/wp-json\/wp\/v2\/media?parent=8551"}],"curies":[{"name":"wp","href":"https:\/\/api.w.org\/{rel}","templated":true}]}}