{"id":8531,"date":"2019-08-15T16:07:52","date_gmt":"2019-08-15T19:07:52","guid":{"rendered":"https:\/\/valcrit.com\/solutions-applications\/erp\/"},"modified":"2020-04-11T17:31:41","modified_gmt":"2020-04-11T20:31:41","slug":"erp","status":"publish","type":"page","link":"https:\/\/www.valcrit.com\/pt-br\/solutions-applications\/erp\/","title":{"rendered":"ERP"},"content":{"rendered":"<section class=\"wpb-content-wrapper\"><p>[vc_row content_width=&#8221;grid&#8221; content_aligment=&#8221;center&#8221; css=&#8221;.vc_custom_1565897865931{padding-top: 24px !important;padding-bottom: 5px !important;}&#8221;][vc_column offset=&#8221;vc_col-lg-offset-2 vc_col-lg-8&#8243;][vc_column_text]<\/p>\n<h2>Sistemas de planifica\u00e7\u00e3o de recursos empresariais<\/h2>\n<p>[\/vc_column_text][vc_empty_space height=&#8221;16px&#8221;][vc_column_text]<\/p>\n<p style=\"background: white; vertical-align: baseline;\">ERPs s\u00e3o sistemas de informa\u00e7\u00f5es de gerenciamento que cobrem um grande n\u00famero de processos de neg\u00f3cios, como compras, vendas, planifica\u00e7\u00e3o de produ\u00e7\u00e3o, manufatura, etc. Oferecemos servi\u00e7os de consultoria para os seguintes produtos.<\/p>\n<p>[\/vc_column_text][\/vc_column][\/vc_row][vc_row content_width=&#8221;grid&#8221;][vc_column width=&#8221;1\/2&#8243; offset=&#8221;vc_col-lg-3 vc_col-md-6&#8243;]<div class=\"qodef-underline-icon-box-holder left qodef-underline-animation\">\n\t<div class=\"qodef-underline-icon-box-holder-inner\">\n\t\t<div class=\"qodef-underline-icon-box-icon-holder\">\n\t\t\t\n    <span class=\"qodef-icon-shortcode normal \"  >\n        \n        <i class=\"qodef-icon-font-awesome fa  qodef-icon-element\" style=\"\" ><\/i>\n            <\/span>\n\n\t\t<\/div>\n\t\t<div class=\"qodef-underline-icon-box-text-holder\">\n\t\t\t<div class=\"qodef-underline-icon-box-title\">\n\t\t\t\t<h4>QAD.Inc \u2122<\/h4>\n\t\t\t<\/div>\n\t\t\t<div class=\"qodef-underline-icon-box-text\">\n\t\t\t\t<p>Software de planifica\u00e7\u00e3o de recursos empresariais de classe mundial. (www.qad.com)<\/p>\n\t\t\t<\/div>\n\t\t<\/div>\n\t<\/div>\n\t<div class=\"qodef-underline-icon-box-underline\">\n\t\t<span class=\"qodef-underline-holder\"><\/span>\n\t<\/div>\n<\/div>[\/vc_column][\/vc_row]<\/p>\n<\/section>","protected":false},"excerpt":{"rendered":"<p>[vc_row content_width=&#8221;grid&#8221; content_aligment=&#8221;center&#8221; css=&#8221;.vc_custom_1565897865931{padding-top: 24px !important;padding-bottom: 5px !important;}&#8221;][vc_column offset=&#8221;vc_col-lg-offset-2 vc_col-lg-8&#8243;][vc_column_text] Sistemas de planifica\u00e7\u00e3o de recursos empresariais [\/vc_column_text][vc_empty_space height=&#8221;16px&#8221;][vc_column_text] ERPs s\u00e3o sistemas&#8230;<\/p>\n","protected":false},"author":2,"featured_media":0,"parent":8508,"menu_order":0,"comment_status":"closed","ping_status":"closed","template":"full-width.php","meta":{"footnotes":""},"class_list":["post-8531","page","type-page","status-publish","hentry"],"_links":{"self":[{"href":"https:\/\/www.valcrit.com\/pt-br\/wp-json\/wp\/v2\/pages\/8531","targetHints":{"allow":["GET"]}}],"collection":[{"href":"https:\/\/www.valcrit.com\/pt-br\/wp-json\/wp\/v2\/pages"}],"about":[{"href":"https:\/\/www.valcrit.com\/pt-br\/wp-json\/wp\/v2\/types\/page"}],"author":[{"embeddable":true,"href":"https:\/\/www.valcrit.com\/pt-br\/wp-json\/wp\/v2\/users\/2"}],"replies":[{"embeddable":true,"href":"https:\/\/www.valcrit.com\/pt-br\/wp-json\/wp\/v2\/comments?post=8531"}],"version-history":[{"count":3,"href":"https:\/\/www.valcrit.com\/pt-br\/wp-json\/wp\/v2\/pages\/8531\/revisions"}],"predecessor-version":[{"id":9079,"href":"https:\/\/www.valcrit.com\/pt-br\/wp-json\/wp\/v2\/pages\/8531\/revisions\/9079"}],"up":[{"embeddable":true,"href":"https:\/\/www.valcrit.com\/pt-br\/wp-json\/wp\/v2\/pages\/8508"}],"wp:attachment":[{"href":"https:\/\/www.valcrit.com\/pt-br\/wp-json\/wp\/v2\/media?parent=8531"}],"curies":[{"name":"wp","href":"https:\/\/api.w.org\/{rel}","templated":true}]}}