{"id":8508,"date":"2019-08-12T15:03:50","date_gmt":"2019-08-12T18:03:50","guid":{"rendered":"https:\/\/valcrit.com\/solutions-applications\/"},"modified":"2020-04-11T17:17:18","modified_gmt":"2020-04-11T20:17:18","slug":"solutions-applications","status":"publish","type":"page","link":"https:\/\/www.valcrit.com\/pt-br\/solutions-applications\/","title":{"rendered":"Aplica\u00e7\u00f5es"},"content":{"rendered":"<section class=\"wpb-content-wrapper\"><p>[vc_row content_width=&#8221;grid&#8221; content_aligment=&#8221;center&#8221; css=&#8221;.vc_custom_1446483260563{padding-top: 65px !important;padding-bottom: 70px !important;}&#8221;][vc_column offset=&#8221;vc_col-lg-offset-2 vc_col-lg-8&#8243;][vc_column_text]<\/p>\n<h2>O valor das aplica\u00e7\u00f5es dentro do modelo das capacidades de neg\u00f3cios<\/h2>\n<p>[\/vc_column_text][vc_empty_space height=&#8221;16px&#8221;][vc_column_text]As aplica\u00e7\u00f5es de software s\u00e3o ativos essenciais no modelo de capacidades de neg\u00f3cios cuja combina\u00e7\u00e3o \u00fanica e apropriada contribui para a gera\u00e7\u00e3o de valor. Dada sua preponder\u00e2ncia relevante, s\u00e3o oferecidos servi\u00e7os de consultoria para a sele\u00e7\u00e3o, aquisi\u00e7\u00e3o, implementa\u00e7\u00e3o, configura\u00e7\u00e3o e gerenciamento das seguintes categorias de software.[\/vc_column_text][\/vc_column][\/vc_row][vc_row content_width=&#8221;grid&#8221; css=&#8221;.vc_custom_1565187596777{padding-bottom: 35px !important;}&#8221;][vc_column width=&#8221;1\/2&#8243; offset=&#8221;vc_col-lg-3 vc_col-md-6&#8243;]<div class=\"qodef-info-box qodef-with-border qodef-animate qodef-back-margin\">\n\n\t<div class=\"qodef-info-box-font-side qodef-dark\" >\n\t\t<div class=\"qodef-info-box-front-side-inner\">\n\t\t\t<div class=\"qodef-info-box-icon-holder\" style=\"padding-bottom: 9px\">\n\t\t\t\t\t\t\t\t\t<img loading=\"lazy\" decoding=\"async\" width=\"115\" height=\"82\" src=\"https:\/\/www.valcrit.com\/wp-content\/uploads\/2019\/08\/Productivity-Icon.jpg\" class=\"attachment-full size-full\" alt=\"\" \/>\t\t\t\t\t\t\t<\/div>\n\t\t\t\t\t\t\t<div class=\"qodef-info-box-title\">\n\t\t\t\t\t<h6>Produtividade<\/h6>\n\t\t\t\t<\/div>\n\t\t\t\t\t\t\t\t\t\t<div class=\"qodef-info-box-text\">\n\t\t\t\t\t<p>Software de colabora\u00e7\u00e3o e de escrit\u00f3rio<\/p>\n\t\t\t\t<\/div>\n\t\t\t\t\t<\/div>\n\t<\/div>\n\n\t\t\t<div class=\"qodef-info-box-back-side qodef-dark\" >\n\t\t\t<div class=\"qodef-info-box-back-side-inner\">\n\t\t\t\t\t\t\t\t\t<div class=\"qodef-info-box-text\">\n\t\t\t\t\t\t<p>Software usado para gera\u00e7\u00e3o de documentos, planilhas, apresenta\u00e7\u00f5es, bancos de dados, correios eletr\u00f4nicos, etc.<\/p>\n\t\t\t\t\t<\/div>\n\t\t\t\t\t\t\t\t\t\t\t\t\t<div class=\"qodef-info-box-button\">\n\t\t\t\t\t\t<a href=\"https:\/\/valcrit.com\/pt-br\/solutions-applications\/productivity\/\" target=\"_self\"  class=\"qodef-btn qodef-btn-medium qodef-btn-outline\"  >        <span class=\"qodef-btn-text\">Saiba Mais<\/span>    <span class=\"qodef-btn-text-icon\"><\/span><\/a>\t\t\t\t\t<\/div>\n\t\t\t\t\t\t\t<\/div>\n\t\t<\/div>\n\t\n<\/div>[vc_empty_space height=&#8221;3px&#8221;][\/vc_column][vc_column width=&#8221;1\/2&#8243; offset=&#8221;vc_col-lg-3 vc_col-md-6&#8243;]<div class=\"qodef-info-box qodef-with-border qodef-animate qodef-back-margin\">\n\n\t<div class=\"qodef-info-box-font-side qodef-dark\" >\n\t\t<div class=\"qodef-info-box-front-side-inner\">\n\t\t\t<div class=\"qodef-info-box-icon-holder\" style=\"padding-bottom: 9px\">\n\t\t\t\t\t\t\t\t\t<img loading=\"lazy\" decoding=\"async\" width=\"113\" height=\"85\" src=\"https:\/\/www.valcrit.com\/wp-content\/uploads\/2019\/08\/Collaboration-Icon.jpg\" class=\"attachment-full size-full\" alt=\"\" \/>\t\t\t\t\t\t\t<\/div>\n\t\t\t\t\t\t\t<div class=\"qodef-info-box-title\">\n\t\t\t\t\t<h6>Colabora\u00e7\u00e3o em equipe<\/h6>\n\t\t\t\t<\/div>\n\t\t\t\t\t\t\t\t\t\t<div class=\"qodef-info-box-text\">\n\t\t\t\t\t<p>Integra\u00e7\u00e3o do trabalho baseado no projeto<\/p>\n\t\t\t\t<\/div>\n\t\t\t\t\t<\/div>\n\t<\/div>\n\n\t\t\t<div class=\"qodef-info-box-back-side qodef-dark\" >\n\t\t\t<div class=\"qodef-info-box-back-side-inner\">\n\t\t\t\t\t\t\t\t\t<div class=\"qodef-info-box-text\">\n\t\t\t\t\t\t<p>Ferramentas de gerenciamento colaborativo, confer\u00eancia e comunica\u00e7\u00e3o eletr\u00f4nica.<\/p>\n\t\t\t\t\t<\/div>\n\t\t\t\t\t\t\t\t\t\t\t\t\t<div class=\"qodef-info-box-button\">\n\t\t\t\t\t\t<a href=\"https:\/\/valcrit.com\/pt-br\/solutions-applications\/collaboration\/\" target=\"_self\"  class=\"qodef-btn qodef-btn-medium qodef-btn-outline\"  >        <span class=\"qodef-btn-text\">Saiba Mais<\/span>    <span class=\"qodef-btn-text-icon\"><\/span><\/a>\t\t\t\t\t<\/div>\n\t\t\t\t\t\t\t<\/div>\n\t\t<\/div>\n\t\n<\/div>[vc_empty_space height=&#8221;3px&#8221;][\/vc_column][vc_column width=&#8221;1\/2&#8243; offset=&#8221;vc_col-lg-3 vc_col-md-6&#8243;]<div class=\"qodef-info-box qodef-with-border qodef-animate qodef-back-margin\">\n\n\t<div class=\"qodef-info-box-font-side qodef-dark\" >\n\t\t<div class=\"qodef-info-box-front-side-inner\">\n\t\t\t<div class=\"qodef-info-box-icon-holder\" style=\"padding-bottom: 9px\">\n\t\t\t\t\t\t\t\t\t<img loading=\"lazy\" decoding=\"async\" width=\"78\" height=\"91\" src=\"https:\/\/www.valcrit.com\/wp-content\/uploads\/2019\/08\/Projects-Icon.jpg\" class=\"attachment-full size-full\" alt=\"\" \/>\t\t\t\t\t\t\t<\/div>\n\t\t\t\t\t\t\t<div class=\"qodef-info-box-title\">\n\t\t\t\t\t<h6>Gerenciamento de projetos<\/h6>\n\t\t\t\t<\/div>\n\t\t\t\t\t\t\t\t\t\t<div class=\"qodef-info-box-text\">\n\t\t\t\t\t<p>PMS<\/p>\n\t\t\t\t<\/div>\n\t\t\t\t\t<\/div>\n\t<\/div>\n\n\t\t\t<div class=\"qodef-info-box-back-side qodef-dark\" >\n\t\t\t<div class=\"qodef-info-box-back-side-inner\">\n\t\t\t\t\t\t\t\t\t<div class=\"qodef-info-box-text\">\n\t\t\t\t\t\t<p>Planifica\u00e7\u00e3o de projetos, gerenciamento de or\u00e7amento, aloca\u00e7\u00e3o de recursos e sistema de colabora\u00e7\u00e3o.<\/p>\n\t\t\t\t\t<\/div>\n\t\t\t\t\t\t\t\t\t\t\t\t\t<div class=\"qodef-info-box-button\">\n\t\t\t\t\t\t<a href=\"https:\/\/valcrit.com\/pt-br\/solutions-applications\/projectmgmt\/\" target=\"_self\"  class=\"qodef-btn qodef-btn-medium qodef-btn-outline\"  >        <span class=\"qodef-btn-text\">Saiba Mais<\/span>    <span class=\"qodef-btn-text-icon\"><\/span><\/a>\t\t\t\t\t<\/div>\n\t\t\t\t\t\t\t<\/div>\n\t\t<\/div>\n\t\n<\/div>[vc_empty_space height=&#8221;3px&#8221;][\/vc_column][vc_column width=&#8221;1\/2&#8243; offset=&#8221;vc_col-lg-3 vc_col-md-6&#8243;]<div class=\"qodef-info-box qodef-with-border qodef-animate qodef-back-margin\">\n\n\t<div class=\"qodef-info-box-font-side qodef-dark\" >\n\t\t<div class=\"qodef-info-box-front-side-inner\">\n\t\t\t<div class=\"qodef-info-box-icon-holder\" style=\"padding-bottom: 9px\">\n\t\t\t\t\t\t\t\t\t<img loading=\"lazy\" decoding=\"async\" width=\"82\" height=\"84\" src=\"https:\/\/www.valcrit.com\/wp-content\/uploads\/2019\/08\/ERP-Icon.jpg\" class=\"attachment-full size-full\" alt=\"\" \/>\t\t\t\t\t\t\t<\/div>\n\t\t\t\t\t\t\t<div class=\"qodef-info-box-title\">\n\t\t\t\t\t<h6>Planifica\u00e7\u00e3o de recursos empresariais<\/h6>\n\t\t\t\t<\/div>\n\t\t\t\t\t\t\t\t\t\t<div class=\"qodef-info-box-text\">\n\t\t\t\t\t<p>ERP<\/p>\n\t\t\t\t<\/div>\n\t\t\t\t\t<\/div>\n\t<\/div>\n\n\t\t\t<div class=\"qodef-info-box-back-side qodef-dark\" >\n\t\t\t<div class=\"qodef-info-box-back-side-inner\">\n\t\t\t\t\t\t\t\t\t<div class=\"qodef-info-box-text\">\n\t\t\t\t\t\t<p>Sistemas de informa\u00e7\u00f5es gerenciais que integram os processos de produ\u00e7\u00e3o e distribui\u00e7\u00e3o de bens ou servi\u00e7os.<\/p>\n\t\t\t\t\t<\/div>\n\t\t\t\t\t\t\t\t\t\t\t\t\t<div class=\"qodef-info-box-button\">\n\t\t\t\t\t\t<a href=\"https:\/\/valcrit.com\/pt-br\/solutions-applications\/erp\/\" target=\"_self\"  class=\"qodef-btn qodef-btn-medium qodef-btn-outline\"  >        <span class=\"qodef-btn-text\">Saiba Mais<\/span>    <span class=\"qodef-btn-text-icon\"><\/span><\/a>\t\t\t\t\t<\/div>\n\t\t\t\t\t\t\t<\/div>\n\t\t<\/div>\n\t\n<\/div>[vc_empty_space height=&#8221;3px&#8221;][\/vc_column][\/vc_row][vc_row content_width=&#8221;grid&#8221; css=&#8221;.vc_custom_1565187629355{padding-bottom: 35px !important;}&#8221;][vc_column width=&#8221;1\/2&#8243; offset=&#8221;vc_col-lg-3 vc_col-md-6&#8243;]<div class=\"qodef-info-box qodef-with-border qodef-animate qodef-back-margin\">\n\n\t<div class=\"qodef-info-box-font-side qodef-dark\" >\n\t\t<div class=\"qodef-info-box-front-side-inner\">\n\t\t\t<div class=\"qodef-info-box-icon-holder\" style=\"padding-bottom: 9px\">\n\t\t\t\t\t\t\t\t\t<img loading=\"lazy\" decoding=\"async\" width=\"107\" height=\"76\" src=\"https:\/\/www.valcrit.com\/wp-content\/uploads\/2019\/08\/CMS-Icon.jpg\" class=\"attachment-full size-full\" alt=\"\" \/>\t\t\t\t\t\t\t<\/div>\n\t\t\t\t\t\t\t<div class=\"qodef-info-box-title\">\n\t\t\t\t\t<h6>Sistema de Gerenciamento de Conte\u00fado<\/h6>\n\t\t\t\t<\/div>\n\t\t\t\t\t\t\t\t\t\t<div class=\"qodef-info-box-text\">\n\t\t\t\t\t<p>CMS<\/p>\n\t\t\t\t<\/div>\n\t\t\t\t\t<\/div>\n\t<\/div>\n\n\t\t\t<div class=\"qodef-info-box-back-side qodef-dark\" >\n\t\t\t<div class=\"qodef-info-box-back-side-inner\">\n\t\t\t\t\t\t\t\t\t<div class=\"qodef-info-box-text\">\n\t\t\t\t\t\t<p>Sistema de gerenciamento de conte\u00fado e blogs.<\/p>\n\t\t\t\t\t<\/div>\n\t\t\t\t\t\t\t\t\t\t\t\t\t<div class=\"qodef-info-box-button\">\n\t\t\t\t\t\t<a href=\"https:\/\/www.valcrit.com\/pt-br\/solutions-applications\/cms\/\" target=\"_self\"  class=\"qodef-btn qodef-btn-medium qodef-btn-outline\"  >        <span class=\"qodef-btn-text\">Saiba Mais<\/span>    <span class=\"qodef-btn-text-icon\"><\/span><\/a>\t\t\t\t\t<\/div>\n\t\t\t\t\t\t\t<\/div>\n\t\t<\/div>\n\t\n<\/div>[vc_empty_space height=&#8221;18px&#8221;][\/vc_column][vc_column width=&#8221;1\/2&#8243; offset=&#8221;vc_col-lg-3 vc_col-md-6&#8243;]<div class=\"qodef-info-box qodef-with-border qodef-animate qodef-back-margin\">\n\n\t<div class=\"qodef-info-box-font-side qodef-dark\" >\n\t\t<div class=\"qodef-info-box-front-side-inner\">\n\t\t\t<div class=\"qodef-info-box-icon-holder\" style=\"padding-bottom: 9px\">\n\t\t\t\t\t\t\t\t\t<img loading=\"lazy\" decoding=\"async\" width=\"68\" height=\"92\" src=\"https:\/\/www.valcrit.com\/wp-content\/uploads\/2019\/08\/PLM-Icon.jpg\" class=\"attachment-full size-full\" alt=\"\" \/>\t\t\t\t\t\t\t<\/div>\n\t\t\t\t\t\t\t<div class=\"qodef-info-box-title\">\n\t\t\t\t\t<h6>Gerenciamento do ciclo de vida do produto<\/h6>\n\t\t\t\t<\/div>\n\t\t\t\t\t\t\t\t\t\t<div class=\"qodef-info-box-text\">\n\t\t\t\t\t<p>PLM<\/p>\n\t\t\t\t<\/div>\n\t\t\t\t\t<\/div>\n\t<\/div>\n\n\t\t\t<div class=\"qodef-info-box-back-side qodef-dark\" >\n\t\t\t<div class=\"qodef-info-box-back-side-inner\">\n\t\t\t\t\t\t\t\t\t<div class=\"qodef-info-box-text\">\n\t\t\t\t\t\t<p>Processo que gerencia o ciclo de vida completo de um produto, desde sua concep\u00e7\u00e3o at\u00e9 a fabrica\u00e7\u00e3o ou entrega do servi\u00e7o.<\/p>\n\t\t\t\t\t<\/div>\n\t\t\t\t\t\t\t\t\t\t\t\t\t<div class=\"qodef-info-box-button\">\n\t\t\t\t\t\t<a href=\"https:\/\/www.valcrit.com\/pt-br\/solutions-applications\/plm\/\" target=\"_self\"  class=\"qodef-btn qodef-btn-medium qodef-btn-outline\"  >        <span class=\"qodef-btn-text\">Saiba Mais<\/span>    <span class=\"qodef-btn-text-icon\"><\/span><\/a>\t\t\t\t\t<\/div>\n\t\t\t\t\t\t\t<\/div>\n\t\t<\/div>\n\t\n<\/div>[vc_empty_space height=&#8221;18px&#8221;][\/vc_column][vc_column width=&#8221;1\/2&#8243; offset=&#8221;vc_col-lg-3 vc_col-md-6&#8243;]<div class=\"qodef-info-box qodef-with-border qodef-animate qodef-back-margin\">\n\n\t<div class=\"qodef-info-box-font-side qodef-dark\" >\n\t\t<div class=\"qodef-info-box-front-side-inner\">\n\t\t\t<div class=\"qodef-info-box-icon-holder\" style=\"padding-bottom: 9px\">\n\t\t\t\t\t\t\t\t\t<img loading=\"lazy\" decoding=\"async\" width=\"82\" height=\"84\" src=\"https:\/\/www.valcrit.com\/wp-content\/uploads\/2019\/08\/Hypervisor-Icon.jpg\" class=\"attachment-full size-full\" alt=\"\" \/>\t\t\t\t\t\t\t<\/div>\n\t\t\t\t\t\t\t<div class=\"qodef-info-box-title\">\n\t\t\t\t\t<h6>Hipervisores<\/h6>\n\t\t\t\t<\/div>\n\t\t\t\t\t\t\t\t\t\t<div class=\"qodef-info-box-text\">\n\t\t\t\t\t<p>Plataforma que permite criar e executar m\u00e1quinas virtuais<\/p>\n\t\t\t\t<\/div>\n\t\t\t\t\t<\/div>\n\t<\/div>\n\n\t\t\t<div class=\"qodef-info-box-back-side qodef-dark\" >\n\t\t\t<div class=\"qodef-info-box-back-side-inner\">\n\t\t\t\t\t\t\t\t\t<div class=\"qodef-info-box-text\">\n\t\t\t\t\t\t<p>Os Hypervisores apresentam aos sistemas operacionais uma plataforma de infraestrutura virtual.<\/p>\n\t\t\t\t\t<\/div>\n\t\t\t\t\t\t\t\t\t\t\t\t\t<div class=\"qodef-info-box-button\">\n\t\t\t\t\t\t<a href=\"https:\/\/www.valcrit.com\/pt-br\/solutions-applications\/hypervisors\/\" target=\"_self\"  class=\"qodef-btn qodef-btn-medium qodef-btn-outline\"  >        <span class=\"qodef-btn-text\">Saiba Mais<\/span>    <span class=\"qodef-btn-text-icon\"><\/span><\/a>\t\t\t\t\t<\/div>\n\t\t\t\t\t\t\t<\/div>\n\t\t<\/div>\n\t\n<\/div>[vc_empty_space height=&#8221;18px&#8221;][\/vc_column][vc_column width=&#8221;1\/2&#8243; offset=&#8221;vc_col-lg-3 vc_col-md-6&#8243;]<div class=\"qodef-info-box qodef-with-border qodef-animate qodef-back-margin\">\n\n\t<div class=\"qodef-info-box-font-side qodef-dark\" >\n\t\t<div class=\"qodef-info-box-front-side-inner\">\n\t\t\t<div class=\"qodef-info-box-icon-holder\" style=\"padding-bottom: 9px\">\n\t\t\t\t\t\t\t\t\t<img loading=\"lazy\" decoding=\"async\" width=\"98\" height=\"89\" src=\"https:\/\/www.valcrit.com\/wp-content\/uploads\/2019\/08\/Backup-Icon.jpg\" class=\"attachment-full size-full\" alt=\"\" \/>\t\t\t\t\t\t\t<\/div>\n\t\t\t\t\t\t\t<div class=\"qodef-info-box-title\">\n\t\t\t\t\t<h6>Prote\u00e7\u00e3o de dados<\/h6>\n\t\t\t\t<\/div>\n\t\t\t\t\t\t\t\t\t\t<div class=\"qodef-info-box-text\">\n\t\t\t\t\t<p>Backup<\/p>\n\t\t\t\t<\/div>\n\t\t\t\t\t<\/div>\n\t<\/div>\n\n\t\t\t<div class=\"qodef-info-box-back-side qodef-dark\" >\n\t\t\t<div class=\"qodef-info-box-back-side-inner\">\n\t\t\t\t\t\t\t\t\t<div class=\"qodef-info-box-text\">\n\t\t\t\t\t\t<p>Software de backup e recupera\u00e7\u00e3o de desastres.<\/p>\n\t\t\t\t\t<\/div>\n\t\t\t\t\t\t\t\t\t\t\t\t\t<div class=\"qodef-info-box-button\">\n\t\t\t\t\t\t<a href=\"https:\/\/www.valcrit.com\/pt-br\/solutions-applications\/backup\/\" target=\"_self\"  class=\"qodef-btn qodef-btn-medium qodef-btn-outline\"  >        <span class=\"qodef-btn-text\">Saiba Mais<\/span>    <span class=\"qodef-btn-text-icon\"><\/span><\/a>\t\t\t\t\t<\/div>\n\t\t\t\t\t\t\t<\/div>\n\t\t<\/div>\n\t\n<\/div>[vc_empty_space height=&#8221;18px&#8221;][\/vc_column][\/vc_row][vc_row content_width=&#8221;grid&#8221; css=&#8221;.vc_custom_1565187629355{padding-bottom: 35px !important;}&#8221;][vc_column width=&#8221;1\/2&#8243; offset=&#8221;vc_col-lg-3 vc_col-md-6&#8243;]<div class=\"qodef-info-box qodef-with-border qodef-animate qodef-back-margin\">\n\n\t<div class=\"qodef-info-box-font-side qodef-dark\" >\n\t\t<div class=\"qodef-info-box-front-side-inner\">\n\t\t\t<div class=\"qodef-info-box-icon-holder\" style=\"padding-bottom: 9px\">\n\t\t\t\t\t\t\t\t\t<img loading=\"lazy\" decoding=\"async\" width=\"89\" height=\"89\" src=\"https:\/\/www.valcrit.com\/wp-content\/uploads\/2019\/08\/ITMS-Icon.jpg\" class=\"attachment-full size-full\" alt=\"\" \/>\t\t\t\t\t\t\t<\/div>\n\t\t\t\t\t\t\t<div class=\"qodef-info-box-title\">\n\t\t\t\t\t<h6>Gerenciamento de servi\u00e7os de TI<\/h6>\n\t\t\t\t<\/div>\n\t\t\t\t\t\t\t\t\t\t<div class=\"qodef-info-box-text\">\n\t\t\t\t\t<p>ITMS<\/p>\n\t\t\t\t<\/div>\n\t\t\t\t\t<\/div>\n\t<\/div>\n\n\t\t\t<div class=\"qodef-info-box-back-side qodef-dark\" >\n\t\t\t<div class=\"qodef-info-box-back-side-inner\">\n\t\t\t\t\t\t\t\t\t<div class=\"qodef-info-box-text\">\n\t\t\t\t\t\t<p>Software de gerenciamento de servi\u00e7os de TI baseados em ITIL<\/p>\n\t\t\t\t\t<\/div>\n\t\t\t\t\t\t\t\t\t\t\t\t\t<div class=\"qodef-info-box-button\">\n\t\t\t\t\t\t<a href=\"https:\/\/www.valcrit.com\/pt-br\/solutions-applications\/itms\/\" target=\"_self\"  class=\"qodef-btn qodef-btn-medium qodef-btn-outline\"  >        <span class=\"qodef-btn-text\">Saiba Mais<\/span>    <span class=\"qodef-btn-text-icon\"><\/span><\/a>\t\t\t\t\t<\/div>\n\t\t\t\t\t\t\t<\/div>\n\t\t<\/div>\n\t\n<\/div>[vc_empty_space height=&#8221;18px&#8221;][\/vc_column][vc_column width=&#8221;1\/2&#8243; offset=&#8221;vc_col-lg-3 vc_col-md-6&#8243;]<div class=\"qodef-info-box qodef-with-border qodef-animate qodef-back-margin\">\n\n\t<div class=\"qodef-info-box-font-side qodef-dark\" >\n\t\t<div class=\"qodef-info-box-front-side-inner\">\n\t\t\t<div class=\"qodef-info-box-icon-holder\" style=\"padding-bottom: 9px\">\n\t\t\t\t\t\t\t\t\t<img loading=\"lazy\" decoding=\"async\" width=\"82\" height=\"84\" src=\"https:\/\/www.valcrit.com\/wp-content\/uploads\/2019\/08\/Monitoring.jpg\" class=\"attachment-full size-full\" alt=\"\" \/>\t\t\t\t\t\t\t<\/div>\n\t\t\t\t\t\t\t<div class=\"qodef-info-box-title\">\n\t\t\t\t\t<h6>Gerenciamento de infraestrutura de TI<\/h6>\n\t\t\t\t<\/div>\n\t\t\t\t\t\t\t\t\t\t<div class=\"qodef-info-box-text\">\n\t\t\t\t\t<p>Sistema de monitoramento de redes, equipamentos e servi\u00e7os<\/p>\n\t\t\t\t<\/div>\n\t\t\t\t\t<\/div>\n\t<\/div>\n\n\t\t\t<div class=\"qodef-info-box-back-side qodef-dark\" >\n\t\t\t<div class=\"qodef-info-box-back-side-inner\">\n\t\t\t\t\t\t\t\t\t<div class=\"qodef-info-box-text\">\n\t\t\t\t\t\t<p>Software de monitoramento capaz de alertar quando o comportamento de equipamentos e servi\u00e7os est\u00e3o fora de toler\u00e2ncia<\/p>\n\t\t\t\t\t<\/div>\n\t\t\t\t\t\t\t\t\t\t\t\t\t<div class=\"qodef-info-box-button\">\n\t\t\t\t\t\t<a href=\"https:\/\/www.valcrit.com\/pt-br\/solutions-applications\/monitoring\/\" target=\"_self\"  class=\"qodef-btn qodef-btn-medium qodef-btn-outline\"  >        <span class=\"qodef-btn-text\">Saiba Mais<\/span>    <span class=\"qodef-btn-text-icon\"><\/span><\/a>\t\t\t\t\t<\/div>\n\t\t\t\t\t\t\t<\/div>\n\t\t<\/div>\n\t\n<\/div>[vc_empty_space height=&#8221;18px&#8221;][\/vc_column][vc_column width=&#8221;1\/2&#8243; offset=&#8221;vc_col-lg-3 vc_col-md-6&#8243;]<div class=\"qodef-info-box qodef-with-border qodef-animate qodef-back-margin\">\n\n\t<div class=\"qodef-info-box-font-side qodef-dark\" >\n\t\t<div class=\"qodef-info-box-front-side-inner\">\n\t\t\t<div class=\"qodef-info-box-icon-holder\" style=\"padding-bottom: 9px\">\n\t\t\t\t\t\t\t\t\t<img loading=\"lazy\" decoding=\"async\" width=\"63\" height=\"76\" src=\"https:\/\/www.valcrit.com\/wp-content\/uploads\/2019\/08\/Databases-Icon.jpg\" class=\"attachment-full size-full\" alt=\"\" \/>\t\t\t\t\t\t\t<\/div>\n\t\t\t\t\t\t\t<div class=\"qodef-info-box-title\">\n\t\t\t\t\t<h6>Base de Dados<\/h6>\n\t\t\t\t<\/div>\n\t\t\t\t\t\t\t\t\t\t<div class=\"qodef-info-box-text\">\n\t\t\t\t\t<p>Sistema de administra\u00e7\u00e3o de bases de dados<\/p>\n\t\t\t\t<\/div>\n\t\t\t\t\t<\/div>\n\t<\/div>\n\n\t\t\t<div class=\"qodef-info-box-back-side qodef-dark\" >\n\t\t\t<div class=\"qodef-info-box-back-side-inner\">\n\t\t\t\t\t\t\t\t\t<div class=\"qodef-info-box-text\">\n\t\t\t\t\t\t<p>Motores de armazenamento de dados estruturados e n\u00e3o sql, etc.<\/p>\n\t\t\t\t\t<\/div>\n\t\t\t\t\t\t\t\t\t\t\t\t\t<div class=\"qodef-info-box-button\">\n\t\t\t\t\t\t<a href=\"https:\/\/www.valcrit.com\/pt-br\/solutions-applications\/databases\/\" target=\"_self\"  class=\"qodef-btn qodef-btn-medium qodef-btn-outline\"  >        <span class=\"qodef-btn-text\">Saiba Mais<\/span>    <span class=\"qodef-btn-text-icon\"><\/span><\/a>\t\t\t\t\t<\/div>\n\t\t\t\t\t\t\t<\/div>\n\t\t<\/div>\n\t\n<\/div>[vc_empty_space height=&#8221;18px&#8221;][\/vc_column][vc_column width=&#8221;1\/2&#8243; offset=&#8221;vc_col-lg-3 vc_col-md-6&#8243;]<a href=\"https:\/\/www.valcrit.com\/pt-br\/solutions-infrastructure\/\" target=\"_self\"  class=\"qodef-btn qodef-btn-medium qodef-btn-default qodef-va-fix qodef-btn-hover-animation\"  >\n            <div class=\"qodef-animation-overlay-holder\">\n            <span    class=\"qodef-animation-overlay\"><\/span>\n        <\/div>\n        <span class=\"qodef-btn-text\">Saiba Mais<\/span>\n    <span class=\"qodef-btn-text-icon\"><\/span>\n<\/a>[\/vc_column][\/vc_row]<\/p>\n<\/section>","protected":false},"excerpt":{"rendered":"<p>[vc_row content_width=&#8221;grid&#8221; content_aligment=&#8221;center&#8221; css=&#8221;.vc_custom_1446483260563{padding-top: 65px !important;padding-bottom: 70px !important;}&#8221;][vc_column offset=&#8221;vc_col-lg-offset-2 vc_col-lg-8&#8243;][vc_column_text] O valor das aplica\u00e7\u00f5es dentro do modelo das capacidades de neg\u00f3cios&#8230;<\/p>\n","protected":false},"author":2,"featured_media":0,"parent":0,"menu_order":0,"comment_status":"closed","ping_status":"closed","template":"full-width.php","meta":{"footnotes":""},"class_list":["post-8508","page","type-page","status-publish","hentry"],"_links":{"self":[{"href":"https:\/\/www.valcrit.com\/pt-br\/wp-json\/wp\/v2\/pages\/8508","targetHints":{"allow":["GET"]}}],"collection":[{"href":"https:\/\/www.valcrit.com\/pt-br\/wp-json\/wp\/v2\/pages"}],"about":[{"href":"https:\/\/www.valcrit.com\/pt-br\/wp-json\/wp\/v2\/types\/page"}],"author":[{"embeddable":true,"href":"https:\/\/www.valcrit.com\/pt-br\/wp-json\/wp\/v2\/users\/2"}],"replies":[{"embeddable":true,"href":"https:\/\/www.valcrit.com\/pt-br\/wp-json\/wp\/v2\/comments?post=8508"}],"version-history":[{"count":9,"href":"https:\/\/www.valcrit.com\/pt-br\/wp-json\/wp\/v2\/pages\/8508\/revisions"}],"predecessor-version":[{"id":9078,"href":"https:\/\/www.valcrit.com\/pt-br\/wp-json\/wp\/v2\/pages\/8508\/revisions\/9078"}],"wp:attachment":[{"href":"https:\/\/www.valcrit.com\/pt-br\/wp-json\/wp\/v2\/media?parent=8508"}],"curies":[{"name":"wp","href":"https:\/\/api.w.org\/{rel}","templated":true}]}}